{"id":16121,"date":"2025-02-07T11:00:26","date_gmt":"2025-02-07T14:00:26","guid":{"rendered":"https:\/\/www.avmbianco.com.br\/site\/?post_type=product&#038;p=16121"},"modified":"2025-07-01T15:46:26","modified_gmt":"2025-07-01T18:46:26","slug":"luminaria-led-touch","status":"publish","type":"product","link":"https:\/\/www.avmbianco.com.br\/site\/produto\/luminaria-led-touch\/","title":{"rendered":"Lumin\u00e1ria Led Touch"},"content":{"rendered":"<p>Lumin\u00e1ria L\u00e2mpada Led Touch Haste Flex\u00edvel Maquina Costura<\/p>\n<p>Lumin\u00e1ria LED com Haste flex\u00edvel &#8211; BIVOLT<br \/>\nSuper LED Branco &#8211; Sens\u00edvel ao toque (TOUCH)<\/p>\n<p>Lumin\u00e1ria TOUCH, pode ser fixada em qualquer superf\u00edcie met\u00e1lica pois possui um im\u00e3 de alta fixa\u00e7\u00e3o, a haste flex\u00edvel permite um melhor direcionamento da luz, pode ser utilizada em m\u00e1quinas de costura, bordado e demais equipamentos e utiliza\u00e7\u00f5es.<\/p>\n<p>Especifica\u00e7\u00f5es t\u00e9cnicas:<br \/>\nLED Super Branco (Ilumina at\u00e9 2x mais que o LED comum)<br \/>\nPossui Regulagem para 3 N\u00edveis de Luminosidade<br \/>\nBIVOLT<br \/>\nIm\u00e3 de forte fixa\u00e7\u00e3o<br \/>\nHaste flex\u00edvel de 18 cent\u00edmetros emborrachada (Tamanho total de 32 cm)<br \/>\nTOUCH liga\/desliga junto aos LEDs<br \/>\nCabo com plug de 1,4 metros<br \/>\nCom PLUG Brasileiro<br \/>\nEcon\u00f4mica, vida \u00fatil em m\u00e9dia de 100.000 horas<\/p>\n","protected":false},"excerpt":{"rendered":"<p>Ideal para ilumina\u00e7\u00e3o de m\u00e1quinas de costura, bordado, equipamentos, mesas de som, computadores, escrit\u00f3rios, e locais que necessitem de ilumina\u00e7\u00e3o.<\/p>\n","protected":false},"featured_media":16123,"comment_status":"open","ping_status":"closed","template":"","meta":[],"product_brand":[],"product_cat":[23],"product_tag":[],"class_list":{"0":"post-16121","1":"product","2":"type-product","3":"status-publish","4":"has-post-thumbnail","6":"product_cat-acessorios","8":"first","9":"instock","10":"taxable","11":"shipping-taxable","12":"purchasable","13":"product-type-simple"},"_links":{"self":[{"href":"https:\/\/www.avmbianco.com.br\/site\/wp-json\/wp\/v2\/product\/16121","targetHints":{"allow":["GET"]}}],"collection":[{"href":"https:\/\/www.avmbianco.com.br\/site\/wp-json\/wp\/v2\/product"}],"about":[{"href":"https:\/\/www.avmbianco.com.br\/site\/wp-json\/wp\/v2\/types\/product"}],"replies":[{"embeddable":true,"href":"https:\/\/www.avmbianco.com.br\/site\/wp-json\/wp\/v2\/comments?post=16121"}],"wp:featuredmedia":[{"embeddable":true,"href":"https:\/\/www.avmbianco.com.br\/site\/wp-json\/wp\/v2\/media\/16123"}],"wp:attachment":[{"href":"https:\/\/www.avmbianco.com.br\/site\/wp-json\/wp\/v2\/media?parent=16121"}],"wp:term":[{"taxonomy":"product_brand","embeddable":true,"href":"https:\/\/www.avmbianco.com.br\/site\/wp-json\/wp\/v2\/product_brand?post=16121"},{"taxonomy":"product_cat","embeddable":true,"href":"https:\/\/www.avmbianco.com.br\/site\/wp-json\/wp\/v2\/product_cat?post=16121"},{"taxonomy":"product_tag","embeddable":true,"href":"https:\/\/www.avmbianco.com.br\/site\/wp-json\/wp\/v2\/product_tag?post=16121"}],"curies":[{"name":"wp","href":"https:\/\/api.w.org\/{rel}","templated":true}]}}