{"id":16273,"date":"2025-03-13T10:27:38","date_gmt":"2025-03-13T13:27:38","guid":{"rendered":"https:\/\/www.avmbianco.com.br\/site\/?post_type=product&#038;p=16273"},"modified":"2025-07-02T11:45:46","modified_gmt":"2025-07-02T14:45:46","slug":"renda-paraiba-405940","status":"publish","type":"product","link":"https:\/\/www.avmbianco.com.br\/site\/produto\/renda-paraiba-405940\/","title":{"rendered":"Renda Para\u00edba 405940"},"content":{"rendered":"","protected":false},"excerpt":{"rendered":"<p>Renda utilizada para diversas finalidades, como artesanato, confec\u00e7\u00f5es em geral, confec\u00e7\u00e3o para festa junina, confec\u00e7\u00e3o para bebe, decora\u00e7\u00e3o, mosquiteiros, etc. Material de excelente acabamento.<\/p>\n<p>Cont\u00e9m: 1 Unidade Largura: 2,2cm Comprimento: 20mts Composi\u00e7\u00e3o: 100% Algod\u00e3o<\/p>\n","protected":false},"featured_media":16274,"comment_status":"open","ping_status":"closed","template":"","meta":[],"product_brand":[],"product_cat":[1800,22],"product_tag":[],"class_list":{"0":"post-16273","1":"product","2":"type-product","3":"status-publish","4":"has-post-thumbnail","6":"product_cat-paraiba","7":"product_cat-rendas","9":"first","10":"instock","11":"taxable","12":"shipping-taxable","13":"purchasable","14":"product-type-simple"},"_links":{"self":[{"href":"https:\/\/www.avmbianco.com.br\/site\/wp-json\/wp\/v2\/product\/16273","targetHints":{"allow":["GET"]}}],"collection":[{"href":"https:\/\/www.avmbianco.com.br\/site\/wp-json\/wp\/v2\/product"}],"about":[{"href":"https:\/\/www.avmbianco.com.br\/site\/wp-json\/wp\/v2\/types\/product"}],"replies":[{"embeddable":true,"href":"https:\/\/www.avmbianco.com.br\/site\/wp-json\/wp\/v2\/comments?post=16273"}],"wp:featuredmedia":[{"embeddable":true,"href":"https:\/\/www.avmbianco.com.br\/site\/wp-json\/wp\/v2\/media\/16274"}],"wp:attachment":[{"href":"https:\/\/www.avmbianco.com.br\/site\/wp-json\/wp\/v2\/media?parent=16273"}],"wp:term":[{"taxonomy":"product_brand","embeddable":true,"href":"https:\/\/www.avmbianco.com.br\/site\/wp-json\/wp\/v2\/product_brand?post=16273"},{"taxonomy":"product_cat","embeddable":true,"href":"https:\/\/www.avmbianco.com.br\/site\/wp-json\/wp\/v2\/product_cat?post=16273"},{"taxonomy":"product_tag","embeddable":true,"href":"https:\/\/www.avmbianco.com.br\/site\/wp-json\/wp\/v2\/product_tag?post=16273"}],"curies":[{"name":"wp","href":"https:\/\/api.w.org\/{rel}","templated":true}]}}