{"id":1632,"date":"2016-10-21T15:16:36","date_gmt":"2016-10-21T15:16:36","guid":{"rendered":"http:\/\/www.avmbianco.com.br\/site\/?post_type=product&#038;p=1632"},"modified":"2025-03-20T12:03:11","modified_gmt":"2025-03-20T15:03:11","slug":"fixacor","status":"publish","type":"product","link":"https:\/\/www.avmbianco.com.br\/site\/produto\/fixacor\/","title":{"rendered":"Corante &#8211; Fixacor"},"content":{"rendered":"<p>Aumenta a fixa\u00e7\u00e3o das cores ap\u00f3s o tingimento e mant\u00e9m a cor da roupa nova por mais tempo<\/p>\n","protected":false},"excerpt":{"rendered":"<p>Fixador para tecidos de fibras naturais. Mant\u00e9m a cor da sua roupa nova por mais tempo.<br \/>\nMelhor fixa\u00e7\u00e3o: utilizado ap\u00f3s o processo de tingimento com Tingecor para real\u00e7ar e aumentar a durabilidade da cor.<br \/>\nEm roupas novas evita o desbotamento precoce.<br \/>\nA utiliza\u00e7\u00e3o do FIXACOR \u00e9 recomendada a cada 2 lavagens. Tamb\u00e9m em pe\u00e7as novas.<\/p>\n","protected":false},"featured_media":1664,"comment_status":"open","ping_status":"closed","template":"","meta":[],"product_brand":[],"product_cat":[52],"product_tag":[],"class_list":{"0":"post-1632","1":"product","2":"type-product","3":"status-publish","4":"has-post-thumbnail","6":"product_cat-corantes","8":"first","9":"instock","10":"taxable","11":"shipping-taxable","12":"purchasable","13":"product-type-simple"},"_links":{"self":[{"href":"https:\/\/www.avmbianco.com.br\/site\/wp-json\/wp\/v2\/product\/1632","targetHints":{"allow":["GET"]}}],"collection":[{"href":"https:\/\/www.avmbianco.com.br\/site\/wp-json\/wp\/v2\/product"}],"about":[{"href":"https:\/\/www.avmbianco.com.br\/site\/wp-json\/wp\/v2\/types\/product"}],"replies":[{"embeddable":true,"href":"https:\/\/www.avmbianco.com.br\/site\/wp-json\/wp\/v2\/comments?post=1632"}],"wp:featuredmedia":[{"embeddable":true,"href":"https:\/\/www.avmbianco.com.br\/site\/wp-json\/wp\/v2\/media\/1664"}],"wp:attachment":[{"href":"https:\/\/www.avmbianco.com.br\/site\/wp-json\/wp\/v2\/media?parent=1632"}],"wp:term":[{"taxonomy":"product_brand","embeddable":true,"href":"https:\/\/www.avmbianco.com.br\/site\/wp-json\/wp\/v2\/product_brand?post=1632"},{"taxonomy":"product_cat","embeddable":true,"href":"https:\/\/www.avmbianco.com.br\/site\/wp-json\/wp\/v2\/product_cat?post=1632"},{"taxonomy":"product_tag","embeddable":true,"href":"https:\/\/www.avmbianco.com.br\/site\/wp-json\/wp\/v2\/product_tag?post=1632"}],"curies":[{"name":"wp","href":"https:\/\/api.w.org\/{rel}","templated":true}]}}