{"id":1650,"date":"2016-10-21T18:25:27","date_gmt":"2016-10-21T18:25:27","guid":{"rendered":"http:\/\/www.avmbianco.com.br\/site\/?post_type=product&#038;p=1650"},"modified":"2022-07-13T11:15:45","modified_gmt":"2022-07-13T14:15:45","slug":"fixacor-2","status":"publish","type":"product","link":"https:\/\/www.avmbianco.com.br\/site\/produto\/fixacor-2\/","title":{"rendered":"Corante &#8211; Tira Cor"},"content":{"rendered":"<p>Descolorante de fibras naturais.<\/p>\n","protected":false},"excerpt":{"rendered":"<p>O Tiracor\u00a0 \u00e9 um produto muito \u00fatil com duas principais aplica\u00e7\u00f5es:<br \/>\npara descolorir tecidos naturais, como algod\u00e3o e raiom; e para deixar o tecido branco ainda mais branco.<br \/>\nOu seja, o Tiracor remove a cor e deixa o branco mais intenso, garantindo ainda a prote\u00e7\u00e3o das fibras.<\/p>\n","protected":false},"featured_media":1687,"comment_status":"open","ping_status":"closed","template":"","meta":[],"product_brand":[],"product_cat":[52],"product_tag":[],"class_list":{"0":"post-1650","1":"product","2":"type-product","3":"status-publish","4":"has-post-thumbnail","6":"product_cat-corantes","8":"first","9":"instock","10":"taxable","11":"shipping-taxable","12":"purchasable","13":"product-type-simple"},"_links":{"self":[{"href":"https:\/\/www.avmbianco.com.br\/site\/wp-json\/wp\/v2\/product\/1650","targetHints":{"allow":["GET"]}}],"collection":[{"href":"https:\/\/www.avmbianco.com.br\/site\/wp-json\/wp\/v2\/product"}],"about":[{"href":"https:\/\/www.avmbianco.com.br\/site\/wp-json\/wp\/v2\/types\/product"}],"replies":[{"embeddable":true,"href":"https:\/\/www.avmbianco.com.br\/site\/wp-json\/wp\/v2\/comments?post=1650"}],"wp:featuredmedia":[{"embeddable":true,"href":"https:\/\/www.avmbianco.com.br\/site\/wp-json\/wp\/v2\/media\/1687"}],"wp:attachment":[{"href":"https:\/\/www.avmbianco.com.br\/site\/wp-json\/wp\/v2\/media?parent=1650"}],"wp:term":[{"taxonomy":"product_brand","embeddable":true,"href":"https:\/\/www.avmbianco.com.br\/site\/wp-json\/wp\/v2\/product_brand?post=1650"},{"taxonomy":"product_cat","embeddable":true,"href":"https:\/\/www.avmbianco.com.br\/site\/wp-json\/wp\/v2\/product_cat?post=1650"},{"taxonomy":"product_tag","embeddable":true,"href":"https:\/\/www.avmbianco.com.br\/site\/wp-json\/wp\/v2\/product_tag?post=1650"}],"curies":[{"name":"wp","href":"https:\/\/api.w.org\/{rel}","templated":true}]}}