{"id":16542,"date":"2025-03-18T16:15:26","date_gmt":"2025-03-18T19:15:26","guid":{"rendered":"https:\/\/www.avmbianco.com.br\/site\/?post_type=product&#038;p=16542"},"modified":"2026-04-06T14:37:40","modified_gmt":"2026-04-06T17:37:40","slug":"matriz-p-ilhos-45","status":"publish","type":"product","link":"https:\/\/www.avmbianco.com.br\/site\/produto\/matriz-p-ilhos-45\/","title":{"rendered":"Matriz P\/ Ilh\u00f3s 45 Margarida"},"content":{"rendered":"","protected":false},"excerpt":{"rendered":"<p>Jogo de matrizes para aplicar ilh\u00f3s comum tamanho 45 SEM ARRUELA. Pode ser usada em m\u00e1quina prensa manual (balancim) ou pneum\u00e1tica.<\/p>\n<p>&nbsp;<\/p>\n","protected":false},"featured_media":16543,"comment_status":"open","ping_status":"closed","template":"","meta":[],"product_brand":[],"product_cat":[24,2086],"product_tag":[],"class_list":{"0":"post-16542","1":"product","2":"type-product","3":"status-publish","4":"has-post-thumbnail","6":"product_cat-botoes","7":"product_cat-matriz","9":"first","10":"instock","11":"taxable","12":"shipping-taxable","13":"purchasable","14":"product-type-simple"},"_links":{"self":[{"href":"https:\/\/www.avmbianco.com.br\/site\/wp-json\/wp\/v2\/product\/16542","targetHints":{"allow":["GET"]}}],"collection":[{"href":"https:\/\/www.avmbianco.com.br\/site\/wp-json\/wp\/v2\/product"}],"about":[{"href":"https:\/\/www.avmbianco.com.br\/site\/wp-json\/wp\/v2\/types\/product"}],"replies":[{"embeddable":true,"href":"https:\/\/www.avmbianco.com.br\/site\/wp-json\/wp\/v2\/comments?post=16542"}],"wp:featuredmedia":[{"embeddable":true,"href":"https:\/\/www.avmbianco.com.br\/site\/wp-json\/wp\/v2\/media\/16543"}],"wp:attachment":[{"href":"https:\/\/www.avmbianco.com.br\/site\/wp-json\/wp\/v2\/media?parent=16542"}],"wp:term":[{"taxonomy":"product_brand","embeddable":true,"href":"https:\/\/www.avmbianco.com.br\/site\/wp-json\/wp\/v2\/product_brand?post=16542"},{"taxonomy":"product_cat","embeddable":true,"href":"https:\/\/www.avmbianco.com.br\/site\/wp-json\/wp\/v2\/product_cat?post=16542"},{"taxonomy":"product_tag","embeddable":true,"href":"https:\/\/www.avmbianco.com.br\/site\/wp-json\/wp\/v2\/product_tag?post=16542"}],"curies":[{"name":"wp","href":"https:\/\/api.w.org\/{rel}","templated":true}]}}