{"id":16995,"date":"2025-04-02T11:31:28","date_gmt":"2025-04-02T14:31:28","guid":{"rendered":"https:\/\/www.avmbianco.com.br\/site\/?post_type=product&#038;p=16995"},"modified":"2025-04-02T11:46:27","modified_gmt":"2025-04-02T14:46:27","slug":"fita-juta-lisa","status":"publish","type":"product","link":"https:\/\/www.avmbianco.com.br\/site\/produto\/fita-juta-lisa\/","title":{"rendered":"Fita Juta Lisa"},"content":{"rendered":"","protected":false},"excerpt":{"rendered":"<p>A fita de juta natural\u00a0 \u00e9 uma escolha elegante e vers\u00e1til para uma variedade de projetos de artesanato, decora\u00e7\u00e3o e embalagens.Essa fita oferece uma ampla gama de possibilidades criativas. Fabricada com juta de alta qualidade, essa fita proporciona uma textura natural e r\u00fastica, adicionando um charme aut\u00eantico aos seus projetos.<\/p>\n<p>Com 10mt<\/p>\n<p>100% Juta<\/p>\n","protected":false},"featured_media":16999,"comment_status":"open","ping_status":"closed","template":"","meta":[],"product_brand":[],"product_cat":[43,491],"product_tag":[],"class_list":{"0":"post-16995","1":"product","2":"type-product","3":"status-publish","4":"has-post-thumbnail","6":"product_cat-fitas","7":"product_cat-juta","9":"first","10":"instock","11":"taxable","12":"shipping-taxable","13":"purchasable","14":"product-type-variable"},"_links":{"self":[{"href":"https:\/\/www.avmbianco.com.br\/site\/wp-json\/wp\/v2\/product\/16995","targetHints":{"allow":["GET"]}}],"collection":[{"href":"https:\/\/www.avmbianco.com.br\/site\/wp-json\/wp\/v2\/product"}],"about":[{"href":"https:\/\/www.avmbianco.com.br\/site\/wp-json\/wp\/v2\/types\/product"}],"replies":[{"embeddable":true,"href":"https:\/\/www.avmbianco.com.br\/site\/wp-json\/wp\/v2\/comments?post=16995"}],"wp:featuredmedia":[{"embeddable":true,"href":"https:\/\/www.avmbianco.com.br\/site\/wp-json\/wp\/v2\/media\/16999"}],"wp:attachment":[{"href":"https:\/\/www.avmbianco.com.br\/site\/wp-json\/wp\/v2\/media?parent=16995"}],"wp:term":[{"taxonomy":"product_brand","embeddable":true,"href":"https:\/\/www.avmbianco.com.br\/site\/wp-json\/wp\/v2\/product_brand?post=16995"},{"taxonomy":"product_cat","embeddable":true,"href":"https:\/\/www.avmbianco.com.br\/site\/wp-json\/wp\/v2\/product_cat?post=16995"},{"taxonomy":"product_tag","embeddable":true,"href":"https:\/\/www.avmbianco.com.br\/site\/wp-json\/wp\/v2\/product_tag?post=16995"}],"curies":[{"name":"wp","href":"https:\/\/api.w.org\/{rel}","templated":true}]}}