{"id":17303,"date":"2025-04-17T12:24:22","date_gmt":"2025-04-17T15:24:22","guid":{"rendered":"https:\/\/www.avmbianco.com.br\/site\/?post_type=product&#038;p=17303"},"modified":"2025-04-17T12:24:22","modified_gmt":"2025-04-17T15:24:22","slug":"agulha-croche-no14","status":"publish","type":"product","link":"https:\/\/www.avmbianco.com.br\/site\/produto\/agulha-croche-no14\/","title":{"rendered":"Agulha Croche N\u00ba14"},"content":{"rendered":"","protected":false},"excerpt":{"rendered":"<p>As Agulhas de Croch\u00ea em Metal com Ponta Dourada oferece uma sele\u00e7\u00e3o de agulhas de croch\u00ea feitas em metal de alta qualidade, com pontas douradas. Essas agulhas s\u00e3o ideais para projetos de croch\u00ea, suavidade e durabilidade.<\/p>\n<p>N\u00ba14 0,50mm bem fininha<\/p>\n<p>Caixa com 12 agulhas<\/p>\n<p>Composi\u00e7\u00e3o:Agulha 100% A\u00e7o e Cabo 100% Pl\u00e1stico<\/p>\n","protected":false},"featured_media":17306,"comment_status":"open","ping_status":"closed","template":"","meta":[],"product_brand":[],"product_cat":[29,30],"product_tag":[],"class_list":{"0":"post-17303","1":"product","2":"type-product","3":"status-publish","4":"has-post-thumbnail","6":"product_cat-agulhas","7":"product_cat-crochet","9":"first","10":"instock","11":"taxable","12":"shipping-taxable","13":"purchasable","14":"product-type-simple"},"_links":{"self":[{"href":"https:\/\/www.avmbianco.com.br\/site\/wp-json\/wp\/v2\/product\/17303","targetHints":{"allow":["GET"]}}],"collection":[{"href":"https:\/\/www.avmbianco.com.br\/site\/wp-json\/wp\/v2\/product"}],"about":[{"href":"https:\/\/www.avmbianco.com.br\/site\/wp-json\/wp\/v2\/types\/product"}],"replies":[{"embeddable":true,"href":"https:\/\/www.avmbianco.com.br\/site\/wp-json\/wp\/v2\/comments?post=17303"}],"wp:featuredmedia":[{"embeddable":true,"href":"https:\/\/www.avmbianco.com.br\/site\/wp-json\/wp\/v2\/media\/17306"}],"wp:attachment":[{"href":"https:\/\/www.avmbianco.com.br\/site\/wp-json\/wp\/v2\/media?parent=17303"}],"wp:term":[{"taxonomy":"product_brand","embeddable":true,"href":"https:\/\/www.avmbianco.com.br\/site\/wp-json\/wp\/v2\/product_brand?post=17303"},{"taxonomy":"product_cat","embeddable":true,"href":"https:\/\/www.avmbianco.com.br\/site\/wp-json\/wp\/v2\/product_cat?post=17303"},{"taxonomy":"product_tag","embeddable":true,"href":"https:\/\/www.avmbianco.com.br\/site\/wp-json\/wp\/v2\/product_tag?post=17303"}],"curies":[{"name":"wp","href":"https:\/\/api.w.org\/{rel}","templated":true}]}}