{"id":17340,"date":"2025-04-22T14:50:33","date_gmt":"2025-04-22T17:50:33","guid":{"rendered":"https:\/\/www.avmbianco.com.br\/site\/?post_type=product&#038;p=17340"},"modified":"2025-04-22T14:50:56","modified_gmt":"2025-04-22T17:50:56","slug":"fio-de-sisal-200-1","status":"publish","type":"product","link":"https:\/\/www.avmbianco.com.br\/site\/produto\/fio-de-sisal-200-1\/","title":{"rendered":"Fio De Sisal 200\/1"},"content":{"rendered":"","protected":false},"excerpt":{"rendered":"<p>Fio de sisal natural sem razar, tamanho 200\/1 rolo com 40 metros.<\/p>\n<p><strong>Espessura:<\/strong>\u00a03,2mm<\/p>\n<p><strong>Tamanho:<\/strong>\u00a040 metros<\/p>\n<p>Fio de f\u00e1cil manuseio, 100% sisal usado para artesanato, decora\u00e7\u00e3o, fabrica\u00e7\u00e3o de lumin\u00e1rias e bijuterias. O rolo cont\u00e9m 40 metros. Valor por unidade.<\/p>\n","protected":false},"featured_media":17344,"comment_status":"open","ping_status":"closed","template":"","meta":[],"product_brand":[],"product_cat":[641,491],"product_tag":[],"class_list":{"0":"post-17340","1":"product","2":"type-product","3":"status-publish","4":"has-post-thumbnail","6":"product_cat-fio","7":"product_cat-juta","9":"first","10":"instock","11":"taxable","12":"shipping-taxable","13":"purchasable","14":"product-type-simple"},"_links":{"self":[{"href":"https:\/\/www.avmbianco.com.br\/site\/wp-json\/wp\/v2\/product\/17340","targetHints":{"allow":["GET"]}}],"collection":[{"href":"https:\/\/www.avmbianco.com.br\/site\/wp-json\/wp\/v2\/product"}],"about":[{"href":"https:\/\/www.avmbianco.com.br\/site\/wp-json\/wp\/v2\/types\/product"}],"replies":[{"embeddable":true,"href":"https:\/\/www.avmbianco.com.br\/site\/wp-json\/wp\/v2\/comments?post=17340"}],"wp:featuredmedia":[{"embeddable":true,"href":"https:\/\/www.avmbianco.com.br\/site\/wp-json\/wp\/v2\/media\/17344"}],"wp:attachment":[{"href":"https:\/\/www.avmbianco.com.br\/site\/wp-json\/wp\/v2\/media?parent=17340"}],"wp:term":[{"taxonomy":"product_brand","embeddable":true,"href":"https:\/\/www.avmbianco.com.br\/site\/wp-json\/wp\/v2\/product_brand?post=17340"},{"taxonomy":"product_cat","embeddable":true,"href":"https:\/\/www.avmbianco.com.br\/site\/wp-json\/wp\/v2\/product_cat?post=17340"},{"taxonomy":"product_tag","embeddable":true,"href":"https:\/\/www.avmbianco.com.br\/site\/wp-json\/wp\/v2\/product_tag?post=17340"}],"curies":[{"name":"wp","href":"https:\/\/api.w.org\/{rel}","templated":true}]}}