{"id":17379,"date":"2025-05-06T15:37:12","date_gmt":"2025-05-06T18:37:12","guid":{"rendered":"https:\/\/www.avmbianco.com.br\/site\/?post_type=product&#038;p=17379"},"modified":"2025-05-06T15:39:43","modified_gmt":"2025-05-06T18:39:43","slug":"ziper-vislon-no8por-metro","status":"publish","type":"product","link":"https:\/\/www.avmbianco.com.br\/site\/produto\/ziper-vislon-no8por-metro\/","title":{"rendered":"Z\u00edper Vislon n\u00ba8(por metro)"},"content":{"rendered":"","protected":false},"excerpt":{"rendered":"<p>O Z\u00edper Pl\u00e1stico Destac\u00e1vel (tamb\u00e9m conhecido como Z\u00edper Trator), muito resistente e de excelente qualidade. \u00c9 muito utilizado na confec\u00e7\u00e3o de jaquetas, agasalhos, moletons e outros.<\/p>\n<p>Venda apenas por metro, somente preto<\/p>\n","protected":false},"featured_media":17380,"comment_status":"open","ping_status":"closed","template":"","meta":[],"product_brand":[],"product_cat":[882,577],"product_tag":[],"class_list":{"0":"post-17379","1":"product","2":"type-product","3":"status-publish","4":"has-post-thumbnail","6":"product_cat-plastico","7":"product_cat-ziper","9":"first","10":"instock","11":"taxable","12":"shipping-taxable","13":"purchasable","14":"product-type-simple"},"_links":{"self":[{"href":"https:\/\/www.avmbianco.com.br\/site\/wp-json\/wp\/v2\/product\/17379","targetHints":{"allow":["GET"]}}],"collection":[{"href":"https:\/\/www.avmbianco.com.br\/site\/wp-json\/wp\/v2\/product"}],"about":[{"href":"https:\/\/www.avmbianco.com.br\/site\/wp-json\/wp\/v2\/types\/product"}],"replies":[{"embeddable":true,"href":"https:\/\/www.avmbianco.com.br\/site\/wp-json\/wp\/v2\/comments?post=17379"}],"wp:featuredmedia":[{"embeddable":true,"href":"https:\/\/www.avmbianco.com.br\/site\/wp-json\/wp\/v2\/media\/17380"}],"wp:attachment":[{"href":"https:\/\/www.avmbianco.com.br\/site\/wp-json\/wp\/v2\/media?parent=17379"}],"wp:term":[{"taxonomy":"product_brand","embeddable":true,"href":"https:\/\/www.avmbianco.com.br\/site\/wp-json\/wp\/v2\/product_brand?post=17379"},{"taxonomy":"product_cat","embeddable":true,"href":"https:\/\/www.avmbianco.com.br\/site\/wp-json\/wp\/v2\/product_cat?post=17379"},{"taxonomy":"product_tag","embeddable":true,"href":"https:\/\/www.avmbianco.com.br\/site\/wp-json\/wp\/v2\/product_tag?post=17379"}],"curies":[{"name":"wp","href":"https:\/\/api.w.org\/{rel}","templated":true}]}}