{"id":17397,"date":"2025-05-07T11:00:23","date_gmt":"2025-05-07T14:00:23","guid":{"rendered":"https:\/\/www.avmbianco.com.br\/site\/?post_type=product&#038;p=17397"},"modified":"2025-05-07T11:30:07","modified_gmt":"2025-05-07T14:30:07","slug":"regulador-e-argolasutia","status":"publish","type":"product","link":"https:\/\/www.avmbianco.com.br\/site\/produto\/regulador-e-argolasutia\/","title":{"rendered":"Regulador e Argola(Suti\u00e3) 25mm"},"content":{"rendered":"","protected":false},"excerpt":{"rendered":"<p>Regulador de metal, ideal para al\u00e7as e el\u00e1sticos, utilizado em lingerie e outros tipos de confec\u00e7\u00e3o. Compat\u00edvel com a argola 25mm<\/p>\n<p>Somente Niquelado<\/p>\n<p>INFORMA\u00c7\u00d5ES DO PRODUTO:<br \/>\nUnidade de venda: pct c\/ 100 un<\/p>\n","protected":false},"featured_media":17400,"comment_status":"open","ping_status":"closed","template":"","meta":[],"product_brand":[],"product_cat":[268],"product_tag":[],"class_list":{"0":"post-17397","1":"product","2":"type-product","3":"status-publish","4":"has-post-thumbnail","6":"product_cat-regulador","8":"first","9":"instock","10":"taxable","11":"shipping-taxable","12":"purchasable","13":"product-type-variable"},"_links":{"self":[{"href":"https:\/\/www.avmbianco.com.br\/site\/wp-json\/wp\/v2\/product\/17397","targetHints":{"allow":["GET"]}}],"collection":[{"href":"https:\/\/www.avmbianco.com.br\/site\/wp-json\/wp\/v2\/product"}],"about":[{"href":"https:\/\/www.avmbianco.com.br\/site\/wp-json\/wp\/v2\/types\/product"}],"replies":[{"embeddable":true,"href":"https:\/\/www.avmbianco.com.br\/site\/wp-json\/wp\/v2\/comments?post=17397"}],"wp:featuredmedia":[{"embeddable":true,"href":"https:\/\/www.avmbianco.com.br\/site\/wp-json\/wp\/v2\/media\/17400"}],"wp:attachment":[{"href":"https:\/\/www.avmbianco.com.br\/site\/wp-json\/wp\/v2\/media?parent=17397"}],"wp:term":[{"taxonomy":"product_brand","embeddable":true,"href":"https:\/\/www.avmbianco.com.br\/site\/wp-json\/wp\/v2\/product_brand?post=17397"},{"taxonomy":"product_cat","embeddable":true,"href":"https:\/\/www.avmbianco.com.br\/site\/wp-json\/wp\/v2\/product_cat?post=17397"},{"taxonomy":"product_tag","embeddable":true,"href":"https:\/\/www.avmbianco.com.br\/site\/wp-json\/wp\/v2\/product_tag?post=17397"}],"curies":[{"name":"wp","href":"https:\/\/api.w.org\/{rel}","templated":true}]}}