{"id":17617,"date":"2025-05-29T12:20:59","date_gmt":"2025-05-29T15:20:59","guid":{"rendered":"https:\/\/www.avmbianco.com.br\/site\/?post_type=product&#038;p=17617"},"modified":"2025-05-29T12:20:59","modified_gmt":"2025-05-29T15:20:59","slug":"kit-amigurumi-caes-e-gatos","status":"publish","type":"product","link":"https:\/\/www.avmbianco.com.br\/site\/produto\/kit-amigurumi-caes-e-gatos\/","title":{"rendered":"Kit Amigurumi C\u00e3es e Gatos"},"content":{"rendered":"","protected":false},"excerpt":{"rendered":"<p>Kit Amigurumi C\u00e3es e Gatos Circulo<br \/>\nEste Kit Cont\u00e9m:<\/p>\n<p>&#8211; Novelo de Amigurumi | 100% Algod\u00e3o | Tex 492<br \/>\n&#8211; Meada de Amigurumi | 100% Algod\u00e3o | Tex 492<br \/>\n&#8211; Par de olhos de seguran\u00e7a | 100% Pl\u00e1stico | 12mm<br \/>\n&#8211; Agulha para croch\u00ea &#8211; 2,50 mm | 100% Alum\u00ednio | Tamanho 14,3cm<br \/>\n&#8211; Agulha de tape\u00e7aria n\u00ba 16 | 100% A\u00e7o | Tamanho 5,5cm<br \/>\n&#8211; Fibra de enchimento | 100% Poli\u00e9ster | 40g<br \/>\n&#8211; Focinho | 100% Pl\u00e1stico<br \/>\n&#8211; Marcador de ponto Cadeado | 100% Pl\u00e1stico<\/p>\n<p>Tamanhos:<br \/>\n02- Buldog Franc\u00eas &#8211; 15cm Aprox.<br \/>\n03- Poodle &#8211; 13cm Aprox.<br \/>\n04- Persa &#8211; 15cm Aprox.<br \/>\n06- Malhado &#8211; 15cm Aprox.<\/p>\n<p>**Acompanha Receita No Verso.**<\/p>\n<p>O Kit Amigurumi C\u00e3es e Gatos conta com modelos lindos e encantadores: Todos os kits cont\u00eam todo o material necess\u00e1rio para a produ\u00e7\u00e3o de amigurumis superfofos dessa turminha animal!<\/p>\n","protected":false},"featured_media":17623,"comment_status":"open","ping_status":"closed","template":"","meta":[],"product_brand":[],"product_cat":[2321],"product_tag":[],"class_list":{"0":"post-17617","1":"product","2":"type-product","3":"status-publish","4":"has-post-thumbnail","6":"product_cat-kit-amigurumi","8":"first","9":"instock","10":"taxable","11":"shipping-taxable","12":"purchasable","13":"product-type-variable"},"_links":{"self":[{"href":"https:\/\/www.avmbianco.com.br\/site\/wp-json\/wp\/v2\/product\/17617","targetHints":{"allow":["GET"]}}],"collection":[{"href":"https:\/\/www.avmbianco.com.br\/site\/wp-json\/wp\/v2\/product"}],"about":[{"href":"https:\/\/www.avmbianco.com.br\/site\/wp-json\/wp\/v2\/types\/product"}],"replies":[{"embeddable":true,"href":"https:\/\/www.avmbianco.com.br\/site\/wp-json\/wp\/v2\/comments?post=17617"}],"wp:featuredmedia":[{"embeddable":true,"href":"https:\/\/www.avmbianco.com.br\/site\/wp-json\/wp\/v2\/media\/17623"}],"wp:attachment":[{"href":"https:\/\/www.avmbianco.com.br\/site\/wp-json\/wp\/v2\/media?parent=17617"}],"wp:term":[{"taxonomy":"product_brand","embeddable":true,"href":"https:\/\/www.avmbianco.com.br\/site\/wp-json\/wp\/v2\/product_brand?post=17617"},{"taxonomy":"product_cat","embeddable":true,"href":"https:\/\/www.avmbianco.com.br\/site\/wp-json\/wp\/v2\/product_cat?post=17617"},{"taxonomy":"product_tag","embeddable":true,"href":"https:\/\/www.avmbianco.com.br\/site\/wp-json\/wp\/v2\/product_tag?post=17617"}],"curies":[{"name":"wp","href":"https:\/\/api.w.org\/{rel}","templated":true}]}}