{"id":17815,"date":"2025-06-24T14:59:58","date_gmt":"2025-06-24T17:59:58","guid":{"rendered":"https:\/\/www.avmbianco.com.br\/site\/?post_type=product&#038;p=17815"},"modified":"2025-08-11T14:29:03","modified_gmt":"2025-08-11T17:29:03","slug":"elastico-akira-6202","status":"publish","type":"product","link":"https:\/\/www.avmbianco.com.br\/site\/produto\/elastico-akira-6202\/","title":{"rendered":"El\u00e1stico Renda 80mm 6202"},"content":{"rendered":"","protected":false},"excerpt":{"rendered":"<p>Ideal para aplica\u00e7\u00e3o em top, al\u00e7as e c\u00f3s.<\/p>\n<p><strong>Composi\u00e7\u00e3o:<\/strong>\u00a085% Algod\u00e3o + 9% Elastodieno + 6% Poliamida<br \/>\n<strong>Embalagem:<\/strong> Rolo com 10 metros\u00a0 80mm Cru<\/p>\n<p>&nbsp;<\/p>\n","protected":false},"featured_media":17816,"comment_status":"open","ping_status":"closed","template":"","meta":[],"product_brand":[],"product_cat":[19,22],"product_tag":[],"class_list":{"0":"post-17815","1":"product","2":"type-product","3":"status-publish","4":"has-post-thumbnail","6":"product_cat-elasticos","7":"product_cat-rendas","9":"first","10":"instock","11":"taxable","12":"shipping-taxable","13":"purchasable","14":"product-type-variable"},"_links":{"self":[{"href":"https:\/\/www.avmbianco.com.br\/site\/wp-json\/wp\/v2\/product\/17815","targetHints":{"allow":["GET"]}}],"collection":[{"href":"https:\/\/www.avmbianco.com.br\/site\/wp-json\/wp\/v2\/product"}],"about":[{"href":"https:\/\/www.avmbianco.com.br\/site\/wp-json\/wp\/v2\/types\/product"}],"replies":[{"embeddable":true,"href":"https:\/\/www.avmbianco.com.br\/site\/wp-json\/wp\/v2\/comments?post=17815"}],"wp:featuredmedia":[{"embeddable":true,"href":"https:\/\/www.avmbianco.com.br\/site\/wp-json\/wp\/v2\/media\/17816"}],"wp:attachment":[{"href":"https:\/\/www.avmbianco.com.br\/site\/wp-json\/wp\/v2\/media?parent=17815"}],"wp:term":[{"taxonomy":"product_brand","embeddable":true,"href":"https:\/\/www.avmbianco.com.br\/site\/wp-json\/wp\/v2\/product_brand?post=17815"},{"taxonomy":"product_cat","embeddable":true,"href":"https:\/\/www.avmbianco.com.br\/site\/wp-json\/wp\/v2\/product_cat?post=17815"},{"taxonomy":"product_tag","embeddable":true,"href":"https:\/\/www.avmbianco.com.br\/site\/wp-json\/wp\/v2\/product_tag?post=17815"}],"curies":[{"name":"wp","href":"https:\/\/api.w.org\/{rel}","templated":true}]}}