{"id":17818,"date":"2025-06-24T15:29:03","date_gmt":"2025-06-24T18:29:03","guid":{"rendered":"https:\/\/www.avmbianco.com.br\/site\/?post_type=product&#038;p=17818"},"modified":"2026-01-20T14:07:30","modified_gmt":"2026-01-20T17:07:30","slug":"fio-amigurumi-pelucia","status":"publish","type":"product","link":"https:\/\/www.avmbianco.com.br\/site\/produto\/fio-amigurumi-pelucia\/","title":{"rendered":"Fio Amigurumi Pel\u00facia"},"content":{"rendered":"","protected":false},"excerpt":{"rendered":"<div class=\"vtex-flex-layout-0-x-flexRow vtex-flex-layout-0-x-flexRow--productDescription--pdp\" aria-label=\"Linha de sess\u00e3o\">\n<div class=\"flex mt0 mb7 pt0 pb0 justify-between vtex-flex-layout-0-x-flexRowContent vtex-flex-layout-0-x-flexRowContent--productDescription--pdp items-stretch w-100\">\n<div class=\"pr0 items-stretch vtex-flex-layout-0-x-stretchChildrenWidth flex\">\n<div class=\"vtex-store-components-3-x-productDescriptionContainer\">\n<h2 class=\"vtex-store-components-3-x-productDescriptionTitle t-heading-5 mb5 mt0\">Descri\u00e7\u00e3o do produto<\/h2>\n<div class=\"vtex-store-components-3-x-productDescriptionText c-muted-1\">\n<div class=\"vtex-store-components-3-x-container relative\">\n<div class=\"vtex-store-components-3-x-content h-auto\">\n<div>O Fio de Amigurumi Pel\u00facia \u00e9 mais um integrante da fam\u00edlia Amigurumi que oferece extrema qualidade e maciez para trabalhos com amigurumis em croch\u00ea e tric\u00f4, al\u00e9m de garantir pe\u00e7as superfofas. Com aspecto aveludado e \u00f3timo rendimento, ele ainda tem uma cartela de 25 cores perfeitas para tornar projetos diversificados ainda mais incr\u00edveis.<\/div>\n<\/div>\n<\/div>\n<\/div>\n<\/div>\n<\/div>\n<div class=\"pr0 items-stretch vtex-flex-layout-0-x-stretchChildrenWidth flex\">\n<div id=\"descricao-caracteristicas\" class=\"vtex-flex-layout-0-x-flexRow vtex-flex-layout-0-x-flexRow--scrollTo--pdp\" aria-label=\"Linha #\">\n<div><\/div>\n<div class=\"flex mt0 mb0 pt0 pb0 justify-start vtex-flex-layout-0-x-flexRowContent vtex-flex-layout-0-x-flexRowContent--scrollTo--pdp items-stretch w-100\">CARACTER\u00cdSTICAS DO PRODUTO<\/div>\n<\/div>\n<\/div>\n<\/div>\n<\/div>\n<div class=\"vtex-flex-layout-0-x-flexRow vtex-flex-layout-0-x-flexRow--specifications--core\" aria-label=\"Linha de sess\u00e3o\">\n<div class=\"flex mt0 mb0 pt0 pb0 justify-start vtex-flex-layout-0-x-flexRowContent vtex-flex-layout-0-x-flexRowContent--specifications--core items-stretch w-100\">\n<div class=\"pr0 items-stretch vtex-flex-layout-0-x-stretchChildrenWidth flex\">\n<p class=\"maluli-maluliapp-0-x-specBox\">Marca: Circulo<br \/>\nComposi\u00e7\u00e3o: 100% Poli\u00e9ster<br \/>\nUnidade de Venda: 1 Novelo com 131 Metros | Tex 645,16<br \/>\nAgulha Recomendada: Tric\u00f4 5mm \u00e0 6,5mm | Croch\u00ea 3mm \u00e0 4,5mm.<\/p>\n<h3><strong>OBS:Encomenda dentro de 15 dias uteis.<\/strong><\/h3>\n<\/div>\n<\/div>\n<\/div>\n","protected":false},"featured_media":17843,"comment_status":"open","ping_status":"closed","template":"","meta":[],"product_brand":[],"product_cat":[641],"product_tag":[],"class_list":{"0":"post-17818","1":"product","2":"type-product","3":"status-publish","4":"has-post-thumbnail","6":"product_cat-fio","8":"first","9":"onbackorder","10":"taxable","11":"shipping-taxable","12":"purchasable","13":"product-type-variable"},"_links":{"self":[{"href":"https:\/\/www.avmbianco.com.br\/site\/wp-json\/wp\/v2\/product\/17818","targetHints":{"allow":["GET"]}}],"collection":[{"href":"https:\/\/www.avmbianco.com.br\/site\/wp-json\/wp\/v2\/product"}],"about":[{"href":"https:\/\/www.avmbianco.com.br\/site\/wp-json\/wp\/v2\/types\/product"}],"replies":[{"embeddable":true,"href":"https:\/\/www.avmbianco.com.br\/site\/wp-json\/wp\/v2\/comments?post=17818"}],"wp:featuredmedia":[{"embeddable":true,"href":"https:\/\/www.avmbianco.com.br\/site\/wp-json\/wp\/v2\/media\/17843"}],"wp:attachment":[{"href":"https:\/\/www.avmbianco.com.br\/site\/wp-json\/wp\/v2\/media?parent=17818"}],"wp:term":[{"taxonomy":"product_brand","embeddable":true,"href":"https:\/\/www.avmbianco.com.br\/site\/wp-json\/wp\/v2\/product_brand?post=17818"},{"taxonomy":"product_cat","embeddable":true,"href":"https:\/\/www.avmbianco.com.br\/site\/wp-json\/wp\/v2\/product_cat?post=17818"},{"taxonomy":"product_tag","embeddable":true,"href":"https:\/\/www.avmbianco.com.br\/site\/wp-json\/wp\/v2\/product_tag?post=17818"}],"curies":[{"name":"wp","href":"https:\/\/api.w.org\/{rel}","templated":true}]}}