{"id":17868,"date":"2025-07-07T11:49:58","date_gmt":"2025-07-07T14:49:58","guid":{"rendered":"https:\/\/www.avmbianco.com.br\/site\/?post_type=product&#038;p=17868"},"modified":"2025-07-07T11:56:11","modified_gmt":"2025-07-07T14:56:11","slug":"matriz-p-botao-bombe-pastilha","status":"publish","type":"product","link":"https:\/\/www.avmbianco.com.br\/site\/produto\/matriz-p-botao-bombe-pastilha\/","title":{"rendered":"Matriz P\/ Bot\u00e3o Bombe Pastilha"},"content":{"rendered":"","protected":false},"excerpt":{"rendered":"<p>Matriz Cardenas ideal para utiliza\u00e7\u00e3o com os bot\u00f5es Bomb\u00ea de Forrar \/ Encapar da Cardenas.<br \/>\nCompre os bot\u00f5es no mesmo tamanho que a matriz.<\/p>\n<p>Fabricante: Cardenas<\/p>\n","protected":false},"featured_media":17869,"comment_status":"open","ping_status":"closed","template":"","meta":[],"product_brand":[],"product_cat":[2086],"product_tag":[],"class_list":{"0":"post-17868","1":"product","2":"type-product","3":"status-publish","4":"has-post-thumbnail","6":"product_cat-matriz","8":"first","9":"instock","10":"taxable","11":"shipping-taxable","12":"purchasable","13":"product-type-variable"},"_links":{"self":[{"href":"https:\/\/www.avmbianco.com.br\/site\/wp-json\/wp\/v2\/product\/17868","targetHints":{"allow":["GET"]}}],"collection":[{"href":"https:\/\/www.avmbianco.com.br\/site\/wp-json\/wp\/v2\/product"}],"about":[{"href":"https:\/\/www.avmbianco.com.br\/site\/wp-json\/wp\/v2\/types\/product"}],"replies":[{"embeddable":true,"href":"https:\/\/www.avmbianco.com.br\/site\/wp-json\/wp\/v2\/comments?post=17868"}],"wp:featuredmedia":[{"embeddable":true,"href":"https:\/\/www.avmbianco.com.br\/site\/wp-json\/wp\/v2\/media\/17869"}],"wp:attachment":[{"href":"https:\/\/www.avmbianco.com.br\/site\/wp-json\/wp\/v2\/media?parent=17868"}],"wp:term":[{"taxonomy":"product_brand","embeddable":true,"href":"https:\/\/www.avmbianco.com.br\/site\/wp-json\/wp\/v2\/product_brand?post=17868"},{"taxonomy":"product_cat","embeddable":true,"href":"https:\/\/www.avmbianco.com.br\/site\/wp-json\/wp\/v2\/product_cat?post=17868"},{"taxonomy":"product_tag","embeddable":true,"href":"https:\/\/www.avmbianco.com.br\/site\/wp-json\/wp\/v2\/product_tag?post=17868"}],"curies":[{"name":"wp","href":"https:\/\/api.w.org\/{rel}","templated":true}]}}