{"id":17900,"date":"2025-08-07T16:20:38","date_gmt":"2025-08-07T19:20:38","guid":{"rendered":"https:\/\/www.avmbianco.com.br\/site\/?post_type=product&#038;p=17900"},"modified":"2025-08-26T16:39:18","modified_gmt":"2025-08-26T19:39:18","slug":"cordao-30425mm-colorido","status":"publish","type":"product","link":"https:\/\/www.avmbianco.com.br\/site\/produto\/cordao-30425mm-colorido\/","title":{"rendered":"Cord\u00e3o 3042(5mm) Colorido"},"content":{"rendered":"","protected":false},"excerpt":{"rendered":"<div id=\"product_description\">\n<div>Cord\u00e3o roli\u00e7o 3042\/C Com Alma marca S\u00e3o Jos\u00e9 Coloridos, cada rolo cont\u00e9m cerca 20 metros de cord\u00e3o com largura de 5mm. Sendo feito totalmente de algod\u00e3o, o Cord\u00e3o Roli\u00e7o S\u00e3o Jos\u00e9 \u00e9 perfeito para decorar fantasias e artesanato em geral.<\/div>\n<\/div>\n<div id=\"product_prices\">Rolos c\/ 20mts<\/div>\n","protected":false},"featured_media":17905,"comment_status":"open","ping_status":"closed","template":"","meta":[],"product_brand":[],"product_cat":[1144],"product_tag":[],"class_list":{"0":"post-17900","1":"product","2":"type-product","3":"status-publish","4":"has-post-thumbnail","6":"product_cat-cordoes","8":"first","9":"instock","10":"taxable","11":"shipping-taxable","12":"purchasable","13":"product-type-variable"},"_links":{"self":[{"href":"https:\/\/www.avmbianco.com.br\/site\/wp-json\/wp\/v2\/product\/17900","targetHints":{"allow":["GET"]}}],"collection":[{"href":"https:\/\/www.avmbianco.com.br\/site\/wp-json\/wp\/v2\/product"}],"about":[{"href":"https:\/\/www.avmbianco.com.br\/site\/wp-json\/wp\/v2\/types\/product"}],"replies":[{"embeddable":true,"href":"https:\/\/www.avmbianco.com.br\/site\/wp-json\/wp\/v2\/comments?post=17900"}],"wp:featuredmedia":[{"embeddable":true,"href":"https:\/\/www.avmbianco.com.br\/site\/wp-json\/wp\/v2\/media\/17905"}],"wp:attachment":[{"href":"https:\/\/www.avmbianco.com.br\/site\/wp-json\/wp\/v2\/media?parent=17900"}],"wp:term":[{"taxonomy":"product_brand","embeddable":true,"href":"https:\/\/www.avmbianco.com.br\/site\/wp-json\/wp\/v2\/product_brand?post=17900"},{"taxonomy":"product_cat","embeddable":true,"href":"https:\/\/www.avmbianco.com.br\/site\/wp-json\/wp\/v2\/product_cat?post=17900"},{"taxonomy":"product_tag","embeddable":true,"href":"https:\/\/www.avmbianco.com.br\/site\/wp-json\/wp\/v2\/product_tag?post=17900"}],"curies":[{"name":"wp","href":"https:\/\/api.w.org\/{rel}","templated":true}]}}