{"id":17961,"date":"2025-08-14T16:25:30","date_gmt":"2025-08-14T19:25:30","guid":{"rendered":"https:\/\/www.avmbianco.com.br\/site\/?post_type=product&#038;p=17961"},"modified":"2025-08-15T15:51:02","modified_gmt":"2025-08-15T18:51:02","slug":"papel-kraft","status":"publish","type":"product","link":"https:\/\/www.avmbianco.com.br\/site\/produto\/papel-kraft\/","title":{"rendered":"Papel Kraft"},"content":{"rendered":"","protected":false},"excerpt":{"rendered":"<p>Pode ser utilizado em v\u00e1rios segmentos do com\u00e9rcio, como cartazes, r\u00f3tulos, embalagens, outdoors, papel fantasia, modelagens, enfesto entre outros. Seu material, possui alta resist\u00eancia a ruptura e a umidade.<\/p>\n<p>O de 1kg tem aproximadamente 15mt<\/p>\n<p>O de 5kg tem aproximadamente 75mt<\/p>\n","protected":false},"featured_media":17962,"comment_status":"open","ping_status":"closed","template":"","meta":[],"product_brand":[],"product_cat":[2381],"product_tag":[],"class_list":{"0":"post-17961","1":"product","2":"type-product","3":"status-publish","4":"has-post-thumbnail","6":"product_cat-papel-kraft","8":"first","9":"instock","10":"taxable","11":"shipping-taxable","12":"purchasable","13":"product-type-variable"},"_links":{"self":[{"href":"https:\/\/www.avmbianco.com.br\/site\/wp-json\/wp\/v2\/product\/17961","targetHints":{"allow":["GET"]}}],"collection":[{"href":"https:\/\/www.avmbianco.com.br\/site\/wp-json\/wp\/v2\/product"}],"about":[{"href":"https:\/\/www.avmbianco.com.br\/site\/wp-json\/wp\/v2\/types\/product"}],"replies":[{"embeddable":true,"href":"https:\/\/www.avmbianco.com.br\/site\/wp-json\/wp\/v2\/comments?post=17961"}],"wp:featuredmedia":[{"embeddable":true,"href":"https:\/\/www.avmbianco.com.br\/site\/wp-json\/wp\/v2\/media\/17962"}],"wp:attachment":[{"href":"https:\/\/www.avmbianco.com.br\/site\/wp-json\/wp\/v2\/media?parent=17961"}],"wp:term":[{"taxonomy":"product_brand","embeddable":true,"href":"https:\/\/www.avmbianco.com.br\/site\/wp-json\/wp\/v2\/product_brand?post=17961"},{"taxonomy":"product_cat","embeddable":true,"href":"https:\/\/www.avmbianco.com.br\/site\/wp-json\/wp\/v2\/product_cat?post=17961"},{"taxonomy":"product_tag","embeddable":true,"href":"https:\/\/www.avmbianco.com.br\/site\/wp-json\/wp\/v2\/product_tag?post=17961"}],"curies":[{"name":"wp","href":"https:\/\/api.w.org\/{rel}","templated":true}]}}