{"id":18040,"date":"2025-08-28T11:33:19","date_gmt":"2025-08-28T14:33:19","guid":{"rendered":"https:\/\/www.avmbianco.com.br\/site\/?post_type=product&#038;p=18040"},"modified":"2025-09-02T14:35:33","modified_gmt":"2025-09-02T17:35:33","slug":"vies-de-algodao-destaque-a9000","status":"publish","type":"product","link":"https:\/\/www.avmbianco.com.br\/site\/produto\/vies-de-algodao-destaque-a9000\/","title":{"rendered":"Vi\u00e9s de Algod\u00e3o Destaque 24mm A9000"},"content":{"rendered":"","protected":false},"excerpt":{"rendered":"<p>O vi\u00e9s de algod\u00e3o fechado Peripan 24mm com 50 metros A9000 \u00e9 ideal para acabamento para aquelas pe\u00e7as que n\u00e3o tem forro ou revel. \u00c9 uma op\u00e7\u00e3o para quando voc\u00ea deseja uma roupa mais leve ou, at\u00e9 mesmo, informal.<\/p>\n<p>100% Algod\u00e3o<\/p>\n<p>Largura Inicial:24mm Largura Externa:12mm<\/p>\n<p>Rolos com 50mt<\/p>\n","protected":false},"featured_media":18041,"comment_status":"open","ping_status":"closed","template":"","meta":[],"product_brand":[],"product_cat":[20],"product_tag":[],"class_list":{"0":"post-18040","1":"product","2":"type-product","3":"status-publish","4":"has-post-thumbnail","6":"product_cat-vies","8":"first","9":"instock","10":"taxable","11":"shipping-taxable","12":"purchasable","13":"product-type-variable"},"_links":{"self":[{"href":"https:\/\/www.avmbianco.com.br\/site\/wp-json\/wp\/v2\/product\/18040","targetHints":{"allow":["GET"]}}],"collection":[{"href":"https:\/\/www.avmbianco.com.br\/site\/wp-json\/wp\/v2\/product"}],"about":[{"href":"https:\/\/www.avmbianco.com.br\/site\/wp-json\/wp\/v2\/types\/product"}],"replies":[{"embeddable":true,"href":"https:\/\/www.avmbianco.com.br\/site\/wp-json\/wp\/v2\/comments?post=18040"}],"wp:featuredmedia":[{"embeddable":true,"href":"https:\/\/www.avmbianco.com.br\/site\/wp-json\/wp\/v2\/media\/18041"}],"wp:attachment":[{"href":"https:\/\/www.avmbianco.com.br\/site\/wp-json\/wp\/v2\/media?parent=18040"}],"wp:term":[{"taxonomy":"product_brand","embeddable":true,"href":"https:\/\/www.avmbianco.com.br\/site\/wp-json\/wp\/v2\/product_brand?post=18040"},{"taxonomy":"product_cat","embeddable":true,"href":"https:\/\/www.avmbianco.com.br\/site\/wp-json\/wp\/v2\/product_cat?post=18040"},{"taxonomy":"product_tag","embeddable":true,"href":"https:\/\/www.avmbianco.com.br\/site\/wp-json\/wp\/v2\/product_tag?post=18040"}],"curies":[{"name":"wp","href":"https:\/\/api.w.org\/{rel}","templated":true}]}}