{"id":18046,"date":"2025-08-28T12:19:19","date_gmt":"2025-08-28T15:19:19","guid":{"rendered":"https:\/\/www.avmbianco.com.br\/site\/?post_type=product&#038;p=18046"},"modified":"2025-09-02T14:38:04","modified_gmt":"2025-09-02T17:38:04","slug":"vies-de-algodao-destaque-35mm","status":"publish","type":"product","link":"https:\/\/www.avmbianco.com.br\/site\/produto\/vies-de-algodao-destaque-35mm\/","title":{"rendered":"Vi\u00e9s De Algod\u00e3o Destaque 35mm 9000"},"content":{"rendered":"","protected":false},"excerpt":{"rendered":"<p>A fita vi\u00e9s de algod\u00e3o \u00e9 vers\u00e1til e pode ser aplicada de v\u00e1rias maneiras. melhor acabamento de qualquer vestu\u00e1rio e tamb\u00e9m para artigos de cama, mesa, e banho.<br \/>\nVoc\u00ea pode customizar roupas, confeccionar acess\u00f3rios, lembrancinhas e patchwork, cores super firmes.<\/p>\n<p>Composi\u00e7\u00e3o: 100% Algod\u00e3o<br \/>\nTamanho: 35mm com 20 metros<\/p>\n","protected":false},"featured_media":18094,"comment_status":"open","ping_status":"closed","template":"","meta":[],"product_brand":[],"product_cat":[20],"product_tag":[],"class_list":{"0":"post-18046","1":"product","2":"type-product","3":"status-publish","4":"has-post-thumbnail","6":"product_cat-vies","8":"first","9":"instock","10":"taxable","11":"shipping-taxable","12":"purchasable","13":"product-type-variable"},"_links":{"self":[{"href":"https:\/\/www.avmbianco.com.br\/site\/wp-json\/wp\/v2\/product\/18046","targetHints":{"allow":["GET"]}}],"collection":[{"href":"https:\/\/www.avmbianco.com.br\/site\/wp-json\/wp\/v2\/product"}],"about":[{"href":"https:\/\/www.avmbianco.com.br\/site\/wp-json\/wp\/v2\/types\/product"}],"replies":[{"embeddable":true,"href":"https:\/\/www.avmbianco.com.br\/site\/wp-json\/wp\/v2\/comments?post=18046"}],"wp:featuredmedia":[{"embeddable":true,"href":"https:\/\/www.avmbianco.com.br\/site\/wp-json\/wp\/v2\/media\/18094"}],"wp:attachment":[{"href":"https:\/\/www.avmbianco.com.br\/site\/wp-json\/wp\/v2\/media?parent=18046"}],"wp:term":[{"taxonomy":"product_brand","embeddable":true,"href":"https:\/\/www.avmbianco.com.br\/site\/wp-json\/wp\/v2\/product_brand?post=18046"},{"taxonomy":"product_cat","embeddable":true,"href":"https:\/\/www.avmbianco.com.br\/site\/wp-json\/wp\/v2\/product_cat?post=18046"},{"taxonomy":"product_tag","embeddable":true,"href":"https:\/\/www.avmbianco.com.br\/site\/wp-json\/wp\/v2\/product_tag?post=18046"}],"curies":[{"name":"wp","href":"https:\/\/api.w.org\/{rel}","templated":true}]}}