{"id":18107,"date":"2025-09-03T13:07:55","date_gmt":"2025-09-03T16:07:55","guid":{"rendered":"https:\/\/www.avmbianco.com.br\/site\/?post_type=product&#038;p=18107"},"modified":"2025-09-03T13:07:55","modified_gmt":"2025-09-03T16:07:55","slug":"lastex-sao-jose","status":"publish","type":"product","link":"https:\/\/www.avmbianco.com.br\/site\/produto\/lastex-sao-jose\/","title":{"rendered":"Lastex S\u00e3o Jos\u00e9"},"content":{"rendered":"","protected":false},"excerpt":{"rendered":"<p>O lastex pode ser utilizado para substituir o el\u00e1stico em algumas ocasi\u00f5es, como em cintura de vestido, em decote de tomara-que-caia e tamb\u00e9m como item decorativo e de design para a pe\u00e7a de roupa.<\/p>\n<p>Tamanho: 0.6mm x 500m.<br \/>\nComposi\u00e7\u00e3o: 58% El\u00e1stodieno\/ 42% Poli\u00e9ster.<\/p>\n","protected":false},"featured_media":18111,"comment_status":"open","ping_status":"closed","template":"","meta":[],"product_brand":[],"product_cat":[19],"product_tag":[],"class_list":{"0":"post-18107","1":"product","2":"type-product","3":"status-publish","4":"has-post-thumbnail","6":"product_cat-elasticos","8":"first","9":"instock","10":"taxable","11":"shipping-taxable","12":"purchasable","13":"product-type-variable"},"_links":{"self":[{"href":"https:\/\/www.avmbianco.com.br\/site\/wp-json\/wp\/v2\/product\/18107","targetHints":{"allow":["GET"]}}],"collection":[{"href":"https:\/\/www.avmbianco.com.br\/site\/wp-json\/wp\/v2\/product"}],"about":[{"href":"https:\/\/www.avmbianco.com.br\/site\/wp-json\/wp\/v2\/types\/product"}],"replies":[{"embeddable":true,"href":"https:\/\/www.avmbianco.com.br\/site\/wp-json\/wp\/v2\/comments?post=18107"}],"wp:featuredmedia":[{"embeddable":true,"href":"https:\/\/www.avmbianco.com.br\/site\/wp-json\/wp\/v2\/media\/18111"}],"wp:attachment":[{"href":"https:\/\/www.avmbianco.com.br\/site\/wp-json\/wp\/v2\/media?parent=18107"}],"wp:term":[{"taxonomy":"product_brand","embeddable":true,"href":"https:\/\/www.avmbianco.com.br\/site\/wp-json\/wp\/v2\/product_brand?post=18107"},{"taxonomy":"product_cat","embeddable":true,"href":"https:\/\/www.avmbianco.com.br\/site\/wp-json\/wp\/v2\/product_cat?post=18107"},{"taxonomy":"product_tag","embeddable":true,"href":"https:\/\/www.avmbianco.com.br\/site\/wp-json\/wp\/v2\/product_tag?post=18107"}],"curies":[{"name":"wp","href":"https:\/\/api.w.org\/{rel}","templated":true}]}}