{"id":18118,"date":"2025-09-10T12:23:03","date_gmt":"2025-09-10T15:23:03","guid":{"rendered":"https:\/\/www.avmbianco.com.br\/site\/?post_type=product&#038;p=18118"},"modified":"2025-09-10T15:43:06","modified_gmt":"2025-09-10T18:43:06","slug":"vies-de-poliester","status":"publish","type":"product","link":"https:\/\/www.avmbianco.com.br\/site\/produto\/vies-de-poliester\/","title":{"rendered":"Vi\u00e9s De Poli\u00e9ster"},"content":{"rendered":"","protected":false},"excerpt":{"rendered":"<p>Vi\u00e9s 100% Poli\u00e9ster, ideal para confec\u00e7\u00e3o de bon\u00e9s, al\u00e7a de bolsa, equipamento de seguran\u00e7a, carrinho de bebe e roupas em geral.<\/p>\n<p>Rolos com 65mt<\/p>\n<h4><em>Consulte Cores Dispon\u00edveis<\/em><\/h4>\n","protected":false},"featured_media":18120,"comment_status":"open","ping_status":"closed","template":"","meta":[],"product_brand":[],"product_cat":[20],"product_tag":[],"class_list":{"0":"post-18118","1":"product","2":"type-product","3":"status-publish","4":"has-post-thumbnail","6":"product_cat-vies","8":"first","9":"instock","10":"taxable","11":"shipping-taxable","12":"purchasable","13":"product-type-variable"},"_links":{"self":[{"href":"https:\/\/www.avmbianco.com.br\/site\/wp-json\/wp\/v2\/product\/18118","targetHints":{"allow":["GET"]}}],"collection":[{"href":"https:\/\/www.avmbianco.com.br\/site\/wp-json\/wp\/v2\/product"}],"about":[{"href":"https:\/\/www.avmbianco.com.br\/site\/wp-json\/wp\/v2\/types\/product"}],"replies":[{"embeddable":true,"href":"https:\/\/www.avmbianco.com.br\/site\/wp-json\/wp\/v2\/comments?post=18118"}],"wp:featuredmedia":[{"embeddable":true,"href":"https:\/\/www.avmbianco.com.br\/site\/wp-json\/wp\/v2\/media\/18120"}],"wp:attachment":[{"href":"https:\/\/www.avmbianco.com.br\/site\/wp-json\/wp\/v2\/media?parent=18118"}],"wp:term":[{"taxonomy":"product_brand","embeddable":true,"href":"https:\/\/www.avmbianco.com.br\/site\/wp-json\/wp\/v2\/product_brand?post=18118"},{"taxonomy":"product_cat","embeddable":true,"href":"https:\/\/www.avmbianco.com.br\/site\/wp-json\/wp\/v2\/product_cat?post=18118"},{"taxonomy":"product_tag","embeddable":true,"href":"https:\/\/www.avmbianco.com.br\/site\/wp-json\/wp\/v2\/product_tag?post=18118"}],"curies":[{"name":"wp","href":"https:\/\/api.w.org\/{rel}","templated":true}]}}