{"id":18166,"date":"2025-09-22T11:27:40","date_gmt":"2025-09-22T14:27:40","guid":{"rendered":"https:\/\/www.avmbianco.com.br\/site\/?post_type=product&#038;p=18166"},"modified":"2025-09-22T11:27:41","modified_gmt":"2025-09-22T14:27:41","slug":"kit-aplicador-de-botao","status":"publish","type":"product","link":"https:\/\/www.avmbianco.com.br\/site\/produto\/kit-aplicador-de-botao\/","title":{"rendered":"Kit Aplicador de Bot\u00e3o"},"content":{"rendered":"<ul class=\"a-unordered-list a-vertical a-spacing-mini\">\n<li class=\"a-spacing-mini\"><span class=\"a-list-item\">Personalize suas Cria\u00e7\u00f5es com Qualidade e Estilo<\/span><\/li>\n<li class=\"a-spacing-mini\"><span class=\"a-list-item\">Aplique Ilh\u00f3s, Bot\u00f5es de Press\u00e3o Pl\u00e1stico, Bot\u00f5es de Metal e ilhoses com o mesmo alicate<\/span><\/li>\n<li class=\"a-spacing-mini\"><span class=\"a-list-item\">Aplique Ilh\u00f3s, Bot\u00f5es de Press\u00e3o Pl\u00e1stico, Bot\u00f5es de Metal e ilhoses com o mesmo alicate<\/span><\/li>\n<li class=\"a-spacing-mini\"><span class=\"a-list-item\">Al\u00e9m de lindo \u00e9 uma ferramenta pratica que n\u00e3o pode faltar no seu atelie<\/span><\/li>\n<\/ul>\n","protected":false},"excerpt":{"rendered":"<p>Kit Aplicador de Bot\u00e3o<\/p>\n<p><strong>Cont\u00e9m:\u00a0<\/strong>250 Bot\u00f5es de pl\u00e1stico, 10 bot\u00f5es de metal, 40 ilhoses, alicate com matriz 10, 12 e 15 mm, matriz para Ilh\u00f3s e para bot\u00e3o de metal, chave de fenda e furador.<\/p>\n","protected":false},"featured_media":18167,"comment_status":"open","ping_status":"closed","template":"","meta":[],"product_brand":[],"product_cat":[23],"product_tag":[],"class_list":{"0":"post-18166","1":"product","2":"type-product","3":"status-publish","4":"has-post-thumbnail","6":"product_cat-acessorios","8":"first","9":"instock","10":"taxable","11":"shipping-taxable","12":"purchasable","13":"product-type-simple"},"_links":{"self":[{"href":"https:\/\/www.avmbianco.com.br\/site\/wp-json\/wp\/v2\/product\/18166","targetHints":{"allow":["GET"]}}],"collection":[{"href":"https:\/\/www.avmbianco.com.br\/site\/wp-json\/wp\/v2\/product"}],"about":[{"href":"https:\/\/www.avmbianco.com.br\/site\/wp-json\/wp\/v2\/types\/product"}],"replies":[{"embeddable":true,"href":"https:\/\/www.avmbianco.com.br\/site\/wp-json\/wp\/v2\/comments?post=18166"}],"wp:featuredmedia":[{"embeddable":true,"href":"https:\/\/www.avmbianco.com.br\/site\/wp-json\/wp\/v2\/media\/18167"}],"wp:attachment":[{"href":"https:\/\/www.avmbianco.com.br\/site\/wp-json\/wp\/v2\/media?parent=18166"}],"wp:term":[{"taxonomy":"product_brand","embeddable":true,"href":"https:\/\/www.avmbianco.com.br\/site\/wp-json\/wp\/v2\/product_brand?post=18166"},{"taxonomy":"product_cat","embeddable":true,"href":"https:\/\/www.avmbianco.com.br\/site\/wp-json\/wp\/v2\/product_cat?post=18166"},{"taxonomy":"product_tag","embeddable":true,"href":"https:\/\/www.avmbianco.com.br\/site\/wp-json\/wp\/v2\/product_tag?post=18166"}],"curies":[{"name":"wp","href":"https:\/\/api.w.org\/{rel}","templated":true}]}}