{"id":18169,"date":"2025-09-22T11:32:00","date_gmt":"2025-09-22T14:32:00","guid":{"rendered":"https:\/\/www.avmbianco.com.br\/site\/?post_type=product&#038;p=18169"},"modified":"2025-09-22T11:34:33","modified_gmt":"2025-09-22T14:34:33","slug":"kit-400-ilhos-colorido","status":"publish","type":"product","link":"https:\/\/www.avmbianco.com.br\/site\/produto\/kit-400-ilhos-colorido\/","title":{"rendered":"Kit Aplicador c\/ 400 Ilh\u00f3s Colorido"},"content":{"rendered":"<p>KIT APLICADOR DE ILH\u00d3S E VAZADOR + 400 ILH\u00d3S COLORIDOS<\/p>\n<p>Cores:<br \/>\nExistem 10 cores, incluindo azul claro, vermelho, amarelo, laranja, preto, branco, rosa, verde, cinza e prata,<br \/>\n40 ilh\u00f3s de cada cor<br \/>\n400 ilh\u00f3s no total<br \/>\nO suficiente para atender suas v\u00e1rias necessidades, para sua reposi\u00e7\u00e3o di\u00e1ria e substitui\u00e7\u00e3o.<\/p>\n<p>Tamanho dos ilh\u00f3s de metal (Aproximadamente):<br \/>\n6 mm &#8211; 1\/ 4 polegadas de di\u00e2metro interno;<br \/>\n10 mm &#8211; 7\/16 polegadas de di\u00e2metro externo;<br \/>\n3 mm &#8211; 1\/ 8 polegadas de comprimento do tubo de metal.<\/p>\n<p>AVISO: Por favor, mantenha-os longe das crian\u00e7as.<\/p>\n<p>ITENS INCLUSOS:<br \/>\n&#8211; 1 Furador<br \/>\n&#8211; 1 Vazador<br \/>\n&#8211; 1 Pin\u00e7a<br \/>\n&#8211; 400 ilh\u00f3s (Coloridos)<\/p>\n","protected":false},"excerpt":{"rendered":"<p>O conjunto de ilh\u00f3s \u00e9 feito de cobre com constru\u00e7\u00e3o s\u00f3lida;<br \/>\n\u00c0 prova de ferrugem e \u00e9 dur\u00e1vel, bom para sapatos, artesanato de couro e adi\u00e7\u00e3o de ornamento aos seus<br \/>\nof\u00edcios.<\/p>\n<p>A ferramenta de perfura\u00e7\u00e3o pode ser aplicada para furar o artesanato de couro,<br \/>\ntiras de couro, roupas, depois martel\u00e1-la para empurrar os ilh\u00f3s juntos.<\/p>\n","protected":false},"featured_media":18170,"comment_status":"open","ping_status":"closed","template":"","meta":[],"product_brand":[],"product_cat":[23,454],"product_tag":[],"class_list":{"0":"post-18169","1":"product","2":"type-product","3":"status-publish","4":"has-post-thumbnail","6":"product_cat-acessorios","7":"product_cat-alicate","9":"first","10":"instock","11":"taxable","12":"shipping-taxable","13":"purchasable","14":"product-type-simple"},"_links":{"self":[{"href":"https:\/\/www.avmbianco.com.br\/site\/wp-json\/wp\/v2\/product\/18169","targetHints":{"allow":["GET"]}}],"collection":[{"href":"https:\/\/www.avmbianco.com.br\/site\/wp-json\/wp\/v2\/product"}],"about":[{"href":"https:\/\/www.avmbianco.com.br\/site\/wp-json\/wp\/v2\/types\/product"}],"replies":[{"embeddable":true,"href":"https:\/\/www.avmbianco.com.br\/site\/wp-json\/wp\/v2\/comments?post=18169"}],"wp:featuredmedia":[{"embeddable":true,"href":"https:\/\/www.avmbianco.com.br\/site\/wp-json\/wp\/v2\/media\/18170"}],"wp:attachment":[{"href":"https:\/\/www.avmbianco.com.br\/site\/wp-json\/wp\/v2\/media?parent=18169"}],"wp:term":[{"taxonomy":"product_brand","embeddable":true,"href":"https:\/\/www.avmbianco.com.br\/site\/wp-json\/wp\/v2\/product_brand?post=18169"},{"taxonomy":"product_cat","embeddable":true,"href":"https:\/\/www.avmbianco.com.br\/site\/wp-json\/wp\/v2\/product_cat?post=18169"},{"taxonomy":"product_tag","embeddable":true,"href":"https:\/\/www.avmbianco.com.br\/site\/wp-json\/wp\/v2\/product_tag?post=18169"}],"curies":[{"name":"wp","href":"https:\/\/api.w.org\/{rel}","templated":true}]}}