{"id":18201,"date":"2025-09-23T15:26:11","date_gmt":"2025-09-23T18:26:11","guid":{"rendered":"https:\/\/www.avmbianco.com.br\/site\/?post_type=product&#038;p=18201"},"modified":"2025-09-26T10:20:14","modified_gmt":"2025-09-26T13:20:14","slug":"renda-b-821-1","status":"publish","type":"product","link":"https:\/\/www.avmbianco.com.br\/site\/produto\/renda-b-821-1\/","title":{"rendered":"Renda B-821\/1 Passa Fita"},"content":{"rendered":"","protected":false},"excerpt":{"rendered":"<p>Renda Passa Fita<\/p>\n<p>Largura: 2,3cm<\/p>\n<p>Cor: Branco\/Fita Branca<\/p>\n<p>Composi\u00e7\u00e3o: 83% Algod\u00e3o 17% Poli\u00e9ster<\/p>\n<p>Embalagem: Pe\u00e7a com 30m<\/p>\n<p>Aplica\u00e7\u00e3o: Ideal para fazer recortes na modelagem da pe\u00e7a aplicando-a entre tecidos e em acabamentos para a linha cama, mesa e banho.<\/p>\n","protected":false},"featured_media":18203,"comment_status":"open","ping_status":"closed","template":"","meta":[],"product_brand":[],"product_cat":[450,22],"product_tag":[],"class_list":{"0":"post-18201","1":"product","2":"type-product","3":"status-publish","4":"has-post-thumbnail","6":"product_cat-fb","7":"product_cat-rendas","9":"first","10":"instock","11":"taxable","12":"shipping-taxable","13":"purchasable","14":"product-type-simple"},"_links":{"self":[{"href":"https:\/\/www.avmbianco.com.br\/site\/wp-json\/wp\/v2\/product\/18201","targetHints":{"allow":["GET"]}}],"collection":[{"href":"https:\/\/www.avmbianco.com.br\/site\/wp-json\/wp\/v2\/product"}],"about":[{"href":"https:\/\/www.avmbianco.com.br\/site\/wp-json\/wp\/v2\/types\/product"}],"replies":[{"embeddable":true,"href":"https:\/\/www.avmbianco.com.br\/site\/wp-json\/wp\/v2\/comments?post=18201"}],"wp:featuredmedia":[{"embeddable":true,"href":"https:\/\/www.avmbianco.com.br\/site\/wp-json\/wp\/v2\/media\/18203"}],"wp:attachment":[{"href":"https:\/\/www.avmbianco.com.br\/site\/wp-json\/wp\/v2\/media?parent=18201"}],"wp:term":[{"taxonomy":"product_brand","embeddable":true,"href":"https:\/\/www.avmbianco.com.br\/site\/wp-json\/wp\/v2\/product_brand?post=18201"},{"taxonomy":"product_cat","embeddable":true,"href":"https:\/\/www.avmbianco.com.br\/site\/wp-json\/wp\/v2\/product_cat?post=18201"},{"taxonomy":"product_tag","embeddable":true,"href":"https:\/\/www.avmbianco.com.br\/site\/wp-json\/wp\/v2\/product_tag?post=18201"}],"curies":[{"name":"wp","href":"https:\/\/api.w.org\/{rel}","templated":true}]}}