{"id":18246,"date":"2025-09-26T11:45:06","date_gmt":"2025-09-26T14:45:06","guid":{"rendered":"https:\/\/www.avmbianco.com.br\/site\/?post_type=product&#038;p=18246"},"modified":"2025-09-26T11:47:55","modified_gmt":"2025-09-26T14:47:55","slug":"renda-b-877-0-cru","status":"publish","type":"product","link":"https:\/\/www.avmbianco.com.br\/site\/produto\/renda-b-877-0-cru\/","title":{"rendered":"Renda B-877\/0 Cru"},"content":{"rendered":"","protected":false},"excerpt":{"rendered":"<p>Entremeio XX Largo<\/p>\n<p>Largura: 5,3cm<\/p>\n<p>Cor: Cru<\/p>\n<p>Composi\u00e7\u00e3o: 100% Algod\u00e3o<\/p>\n<p>Embalagem: Pe\u00e7a com 30m<\/p>\n<p>Aplica\u00e7\u00e3o: Ideal para fazer recortes na modelagem da pe\u00e7a aplicando-a entre tecidos.<\/p>\n","protected":false},"featured_media":18248,"comment_status":"open","ping_status":"closed","template":"","meta":[],"product_brand":[],"product_cat":[450,22],"product_tag":[],"class_list":{"0":"post-18246","1":"product","2":"type-product","3":"status-publish","4":"has-post-thumbnail","6":"product_cat-fb","7":"product_cat-rendas","9":"first","10":"instock","11":"taxable","12":"shipping-taxable","13":"purchasable","14":"product-type-simple"},"_links":{"self":[{"href":"https:\/\/www.avmbianco.com.br\/site\/wp-json\/wp\/v2\/product\/18246","targetHints":{"allow":["GET"]}}],"collection":[{"href":"https:\/\/www.avmbianco.com.br\/site\/wp-json\/wp\/v2\/product"}],"about":[{"href":"https:\/\/www.avmbianco.com.br\/site\/wp-json\/wp\/v2\/types\/product"}],"replies":[{"embeddable":true,"href":"https:\/\/www.avmbianco.com.br\/site\/wp-json\/wp\/v2\/comments?post=18246"}],"wp:featuredmedia":[{"embeddable":true,"href":"https:\/\/www.avmbianco.com.br\/site\/wp-json\/wp\/v2\/media\/18248"}],"wp:attachment":[{"href":"https:\/\/www.avmbianco.com.br\/site\/wp-json\/wp\/v2\/media?parent=18246"}],"wp:term":[{"taxonomy":"product_brand","embeddable":true,"href":"https:\/\/www.avmbianco.com.br\/site\/wp-json\/wp\/v2\/product_brand?post=18246"},{"taxonomy":"product_cat","embeddable":true,"href":"https:\/\/www.avmbianco.com.br\/site\/wp-json\/wp\/v2\/product_cat?post=18246"},{"taxonomy":"product_tag","embeddable":true,"href":"https:\/\/www.avmbianco.com.br\/site\/wp-json\/wp\/v2\/product_tag?post=18246"}],"curies":[{"name":"wp","href":"https:\/\/api.w.org\/{rel}","templated":true}]}}