{"id":18264,"date":"2025-09-26T12:33:49","date_gmt":"2025-09-26T15:33:49","guid":{"rendered":"https:\/\/www.avmbianco.com.br\/site\/?post_type=product&#038;p=18264"},"modified":"2025-09-26T12:35:00","modified_gmt":"2025-09-26T15:35:00","slug":"renda-b935-1-branco","status":"publish","type":"product","link":"https:\/\/www.avmbianco.com.br\/site\/produto\/renda-b935-1-branco\/","title":{"rendered":"Renda B935\/1 Branco"},"content":{"rendered":"","protected":false},"excerpt":{"rendered":"<p>Renda Fortaleza<\/p>\n<p>Largura: 3,7<\/p>\n<p>Cor: Branco<\/p>\n<p>Composi\u00e7\u00e3o: 100% Algod\u00e3o<\/p>\n<p>Embalagem: Pe\u00e7a com 30m<\/p>\n<p>Aplica\u00e7\u00e3o: Ideal para acabamentos em mangas, barras e detalhes de pe\u00e7as como cal\u00e7as, blusas, vestidos.<\/p>\n","protected":false},"featured_media":18266,"comment_status":"open","ping_status":"closed","template":"","meta":[],"product_brand":[],"product_cat":[450,22],"product_tag":[],"class_list":{"0":"post-18264","1":"product","2":"type-product","3":"status-publish","4":"has-post-thumbnail","6":"product_cat-fb","7":"product_cat-rendas","9":"first","10":"instock","11":"taxable","12":"shipping-taxable","13":"purchasable","14":"product-type-simple"},"_links":{"self":[{"href":"https:\/\/www.avmbianco.com.br\/site\/wp-json\/wp\/v2\/product\/18264","targetHints":{"allow":["GET"]}}],"collection":[{"href":"https:\/\/www.avmbianco.com.br\/site\/wp-json\/wp\/v2\/product"}],"about":[{"href":"https:\/\/www.avmbianco.com.br\/site\/wp-json\/wp\/v2\/types\/product"}],"replies":[{"embeddable":true,"href":"https:\/\/www.avmbianco.com.br\/site\/wp-json\/wp\/v2\/comments?post=18264"}],"wp:featuredmedia":[{"embeddable":true,"href":"https:\/\/www.avmbianco.com.br\/site\/wp-json\/wp\/v2\/media\/18266"}],"wp:attachment":[{"href":"https:\/\/www.avmbianco.com.br\/site\/wp-json\/wp\/v2\/media?parent=18264"}],"wp:term":[{"taxonomy":"product_brand","embeddable":true,"href":"https:\/\/www.avmbianco.com.br\/site\/wp-json\/wp\/v2\/product_brand?post=18264"},{"taxonomy":"product_cat","embeddable":true,"href":"https:\/\/www.avmbianco.com.br\/site\/wp-json\/wp\/v2\/product_cat?post=18264"},{"taxonomy":"product_tag","embeddable":true,"href":"https:\/\/www.avmbianco.com.br\/site\/wp-json\/wp\/v2\/product_tag?post=18264"}],"curies":[{"name":"wp","href":"https:\/\/api.w.org\/{rel}","templated":true}]}}