{"id":18272,"date":"2025-09-26T12:52:46","date_gmt":"2025-09-26T15:52:46","guid":{"rendered":"https:\/\/www.avmbianco.com.br\/site\/?post_type=product&#038;p=18272"},"modified":"2025-09-26T14:28:26","modified_gmt":"2025-09-26T17:28:26","slug":"bordado-ingles-hckp-011090","status":"publish","type":"product","link":"https:\/\/www.avmbianco.com.br\/site\/produto\/bordado-ingles-hckp-011090\/","title":{"rendered":"Bordado Ingl\u00eas HPCK 011090"},"content":{"rendered":"","protected":false},"excerpt":{"rendered":"<p>Bordado Hoepcke 011090 &#8211; pe\u00e7a c\/ 9,15m<\/p>\n<p>Tira bordada entremeio usada no acabamento de pe\u00e7as como roupas, toalhas, colchas e em artesanatos em geral.<\/p>\n<p>Largura: 2,5 cm<\/p>\n<p>Composi\u00e7\u00e3o:80% algod\u00e3o e 20% Poli\u00e9ster<\/p>\n","protected":false},"featured_media":18273,"comment_status":"open","ping_status":"closed","template":"","meta":[],"product_brand":[],"product_cat":[41],"product_tag":[],"class_list":{"0":"post-18272","1":"product","2":"type-product","3":"status-publish","4":"has-post-thumbnail","6":"product_cat-bordados-guipure","8":"first","9":"instock","10":"taxable","11":"shipping-taxable","12":"purchasable","13":"product-type-simple"},"_links":{"self":[{"href":"https:\/\/www.avmbianco.com.br\/site\/wp-json\/wp\/v2\/product\/18272","targetHints":{"allow":["GET"]}}],"collection":[{"href":"https:\/\/www.avmbianco.com.br\/site\/wp-json\/wp\/v2\/product"}],"about":[{"href":"https:\/\/www.avmbianco.com.br\/site\/wp-json\/wp\/v2\/types\/product"}],"replies":[{"embeddable":true,"href":"https:\/\/www.avmbianco.com.br\/site\/wp-json\/wp\/v2\/comments?post=18272"}],"wp:featuredmedia":[{"embeddable":true,"href":"https:\/\/www.avmbianco.com.br\/site\/wp-json\/wp\/v2\/media\/18273"}],"wp:attachment":[{"href":"https:\/\/www.avmbianco.com.br\/site\/wp-json\/wp\/v2\/media?parent=18272"}],"wp:term":[{"taxonomy":"product_brand","embeddable":true,"href":"https:\/\/www.avmbianco.com.br\/site\/wp-json\/wp\/v2\/product_brand?post=18272"},{"taxonomy":"product_cat","embeddable":true,"href":"https:\/\/www.avmbianco.com.br\/site\/wp-json\/wp\/v2\/product_cat?post=18272"},{"taxonomy":"product_tag","embeddable":true,"href":"https:\/\/www.avmbianco.com.br\/site\/wp-json\/wp\/v2\/product_tag?post=18272"}],"curies":[{"name":"wp","href":"https:\/\/api.w.org\/{rel}","templated":true}]}}