{"id":18292,"date":"2025-09-26T15:32:38","date_gmt":"2025-09-26T18:32:38","guid":{"rendered":"https:\/\/www.avmbianco.com.br\/site\/?post_type=product&#038;p=18292"},"modified":"2025-09-26T15:33:39","modified_gmt":"2025-09-26T18:33:39","slug":"bordado-ingles-hpck-012932","status":"publish","type":"product","link":"https:\/\/www.avmbianco.com.br\/site\/produto\/bordado-ingles-hpck-012932\/","title":{"rendered":"Bordado Ingl\u00eas HPCK 012932"},"content":{"rendered":"","protected":false},"excerpt":{"rendered":"<p>Bordado Hoepcke 012932 &#8211; pe\u00e7a c\/ 9,15m<\/p>\n<p>Tira bordada entremeio, usada no acabamento de pe\u00e7as como roupas, toalhas, colchas e em artesanatos em geral.<\/p>\n<p>Largura: 4cm<\/p>\n<p>Composi\u00e7\u00e3o:96% algod\u00e3o e 4% Poli\u00e9ster<\/p>\n","protected":false},"featured_media":18294,"comment_status":"open","ping_status":"closed","template":"","meta":[],"product_brand":[],"product_cat":[41],"product_tag":[],"class_list":{"0":"post-18292","1":"product","2":"type-product","3":"status-publish","4":"has-post-thumbnail","6":"product_cat-bordados-guipure","8":"first","9":"instock","10":"taxable","11":"shipping-taxable","12":"purchasable","13":"product-type-simple"},"_links":{"self":[{"href":"https:\/\/www.avmbianco.com.br\/site\/wp-json\/wp\/v2\/product\/18292","targetHints":{"allow":["GET"]}}],"collection":[{"href":"https:\/\/www.avmbianco.com.br\/site\/wp-json\/wp\/v2\/product"}],"about":[{"href":"https:\/\/www.avmbianco.com.br\/site\/wp-json\/wp\/v2\/types\/product"}],"replies":[{"embeddable":true,"href":"https:\/\/www.avmbianco.com.br\/site\/wp-json\/wp\/v2\/comments?post=18292"}],"wp:featuredmedia":[{"embeddable":true,"href":"https:\/\/www.avmbianco.com.br\/site\/wp-json\/wp\/v2\/media\/18294"}],"wp:attachment":[{"href":"https:\/\/www.avmbianco.com.br\/site\/wp-json\/wp\/v2\/media?parent=18292"}],"wp:term":[{"taxonomy":"product_brand","embeddable":true,"href":"https:\/\/www.avmbianco.com.br\/site\/wp-json\/wp\/v2\/product_brand?post=18292"},{"taxonomy":"product_cat","embeddable":true,"href":"https:\/\/www.avmbianco.com.br\/site\/wp-json\/wp\/v2\/product_cat?post=18292"},{"taxonomy":"product_tag","embeddable":true,"href":"https:\/\/www.avmbianco.com.br\/site\/wp-json\/wp\/v2\/product_tag?post=18292"}],"curies":[{"name":"wp","href":"https:\/\/api.w.org\/{rel}","templated":true}]}}