{"id":18296,"date":"2025-09-26T15:39:38","date_gmt":"2025-09-26T18:39:38","guid":{"rendered":"https:\/\/www.avmbianco.com.br\/site\/?post_type=product&#038;p=18296"},"modified":"2025-09-26T15:39:38","modified_gmt":"2025-09-26T18:39:38","slug":"bordado-ingles-hpck-051882","status":"publish","type":"product","link":"https:\/\/www.avmbianco.com.br\/site\/produto\/bordado-ingles-hpck-051882\/","title":{"rendered":"Bordado Ingl\u00eas HPCK 051882"},"content":{"rendered":"","protected":false},"excerpt":{"rendered":"<p>Bordado Hoepcke 051882 &#8211; pe\u00e7a c\/ 9,15m<\/p>\n<p>Tira bordada entremeio passa fita, usada no acabamento de pe\u00e7as como roupas, toalhas, colchas e em artesanatos em geral.<\/p>\n<p>Largura:5 cm<\/p>\n<p>Composi\u00e7\u00e3o:100% algod\u00e3o<\/p>\n","protected":false},"featured_media":18297,"comment_status":"open","ping_status":"closed","template":"","meta":[],"product_brand":[],"product_cat":[41],"product_tag":[],"class_list":{"0":"post-18296","1":"product","2":"type-product","3":"status-publish","4":"has-post-thumbnail","6":"product_cat-bordados-guipure","8":"first","9":"instock","10":"taxable","11":"shipping-taxable","12":"purchasable","13":"product-type-simple"},"_links":{"self":[{"href":"https:\/\/www.avmbianco.com.br\/site\/wp-json\/wp\/v2\/product\/18296","targetHints":{"allow":["GET"]}}],"collection":[{"href":"https:\/\/www.avmbianco.com.br\/site\/wp-json\/wp\/v2\/product"}],"about":[{"href":"https:\/\/www.avmbianco.com.br\/site\/wp-json\/wp\/v2\/types\/product"}],"replies":[{"embeddable":true,"href":"https:\/\/www.avmbianco.com.br\/site\/wp-json\/wp\/v2\/comments?post=18296"}],"wp:featuredmedia":[{"embeddable":true,"href":"https:\/\/www.avmbianco.com.br\/site\/wp-json\/wp\/v2\/media\/18297"}],"wp:attachment":[{"href":"https:\/\/www.avmbianco.com.br\/site\/wp-json\/wp\/v2\/media?parent=18296"}],"wp:term":[{"taxonomy":"product_brand","embeddable":true,"href":"https:\/\/www.avmbianco.com.br\/site\/wp-json\/wp\/v2\/product_brand?post=18296"},{"taxonomy":"product_cat","embeddable":true,"href":"https:\/\/www.avmbianco.com.br\/site\/wp-json\/wp\/v2\/product_cat?post=18296"},{"taxonomy":"product_tag","embeddable":true,"href":"https:\/\/www.avmbianco.com.br\/site\/wp-json\/wp\/v2\/product_tag?post=18296"}],"curies":[{"name":"wp","href":"https:\/\/api.w.org\/{rel}","templated":true}]}}