{"id":1956,"date":"2017-02-16T10:25:38","date_gmt":"2017-02-16T13:25:38","guid":{"rendered":"http:\/\/www.avmbianco.com.br\/site\/?post_type=product&#038;p=1956"},"modified":"2025-07-30T12:24:55","modified_gmt":"2025-07-30T15:24:55","slug":"1956","status":"publish","type":"product","link":"https:\/\/www.avmbianco.com.br\/site\/produto\/1956\/","title":{"rendered":"Caneta Para Tecido"},"content":{"rendered":"<p>Produto: Caneta marcadora para tecido.<\/p>\n<p>Marca: Acrilpen<\/p>\n<p>&nbsp;<\/p>\n<p>&nbsp;<\/p>\n","protected":false},"excerpt":{"rendered":"<p>Caneta com ponta de poli\u00e9ster para pintar e marcar tecidos. Excelente fixa\u00e7\u00e3o. Resistente a lavagens. N\u00e3o t\u00f3xica. A ponta da caneta Acrilpen permite conseguir diferentes espessuras de tra\u00e7os. Usando-a na posi\u00e7\u00e3o vertical obtemos tra\u00e7os finos, inclinando-a obtemos tra\u00e7os mais grossos. Lavagem somente 72 horas ap\u00f3s a pintura. Ap\u00f3s o uso, guardar na posi\u00e7\u00e3o horizontal. N\u00e3o utilizar em tecidos sint\u00e9ticos ou engomados.<\/p>\n","protected":false},"featured_media":1924,"comment_status":"open","ping_status":"closed","template":"","meta":[],"product_brand":[],"product_cat":[95],"product_tag":[],"class_list":{"0":"post-1956","1":"product","2":"type-product","3":"status-publish","4":"has-post-thumbnail","6":"product_cat-caneta","8":"first","9":"instock","10":"taxable","11":"shipping-taxable","12":"purchasable","13":"product-type-variable"},"_links":{"self":[{"href":"https:\/\/www.avmbianco.com.br\/site\/wp-json\/wp\/v2\/product\/1956","targetHints":{"allow":["GET"]}}],"collection":[{"href":"https:\/\/www.avmbianco.com.br\/site\/wp-json\/wp\/v2\/product"}],"about":[{"href":"https:\/\/www.avmbianco.com.br\/site\/wp-json\/wp\/v2\/types\/product"}],"replies":[{"embeddable":true,"href":"https:\/\/www.avmbianco.com.br\/site\/wp-json\/wp\/v2\/comments?post=1956"}],"wp:featuredmedia":[{"embeddable":true,"href":"https:\/\/www.avmbianco.com.br\/site\/wp-json\/wp\/v2\/media\/1924"}],"wp:attachment":[{"href":"https:\/\/www.avmbianco.com.br\/site\/wp-json\/wp\/v2\/media?parent=1956"}],"wp:term":[{"taxonomy":"product_brand","embeddable":true,"href":"https:\/\/www.avmbianco.com.br\/site\/wp-json\/wp\/v2\/product_brand?post=1956"},{"taxonomy":"product_cat","embeddable":true,"href":"https:\/\/www.avmbianco.com.br\/site\/wp-json\/wp\/v2\/product_cat?post=1956"},{"taxonomy":"product_tag","embeddable":true,"href":"https:\/\/www.avmbianco.com.br\/site\/wp-json\/wp\/v2\/product_tag?post=1956"}],"curies":[{"name":"wp","href":"https:\/\/api.w.org\/{rel}","templated":true}]}}