{"id":2152,"date":"2017-03-08T17:51:24","date_gmt":"2017-03-08T17:51:24","guid":{"rendered":"http:\/\/www.avmbianco.com.br\/site\/?post_type=product&#038;p=2152"},"modified":"2026-04-08T08:26:54","modified_gmt":"2026-04-08T11:26:54","slug":"vies-de-cetim","status":"publish","type":"product","link":"https:\/\/www.avmbianco.com.br\/site\/produto\/vies-de-cetim\/","title":{"rendered":"Vi\u00e9s de Cetim Fitex"},"content":{"rendered":"<p>Tabela de Cores.<\/p>\n<p>&nbsp;<\/p>\n<p>&nbsp;<\/p>\n<p>&nbsp;<\/p>\n<p>&nbsp;<\/p>\n<p>&nbsp;<\/p>\n","protected":false},"excerpt":{"rendered":"<p>O Vi\u00e9s de Cetim 24mm Aberto e 12mm Fechado com 20 Metros Fitex, \u00e9 um vi\u00e9s que apresenta um brilho elevado devido a sua constru\u00e7\u00e3o diferenciada do tecido. Por ser feito 100% de Acetato, garante charme, leveza, beleza e muita qualidade, ideal para criar acabamentos maravilhosos em suas pe\u00e7as. Por ser um vi\u00e9s bastante bonito e resistente, \u00e9 poss\u00edvel criar detalhes, acabamentos e customiza\u00e7\u00e3o para as suas confec\u00e7\u00f5es. Deixe cada pe\u00e7a com caracter\u00edsticas \u00fanicas.<\/p>\n<p>O Vi\u00e9s de Cetim 50mm Aberto e 24mm Fechado c\/ 20mt.<\/p>\n<h2 style=\"text-align: center;\"><strong><em>***Consulte Cores Dispon\u00edveis***\u00a0<\/em><\/strong><\/h2>\n","protected":false},"featured_media":14099,"comment_status":"open","ping_status":"closed","template":"","meta":[],"product_brand":[],"product_cat":[20],"product_tag":[],"class_list":{"0":"post-2152","1":"product","2":"type-product","3":"status-publish","4":"has-post-thumbnail","6":"product_cat-vies","7":"pa_largura-24-mm","8":"pa_largura-50-mm","10":"first","11":"instock","12":"taxable","13":"shipping-taxable","14":"purchasable","15":"product-type-variable"},"_links":{"self":[{"href":"https:\/\/www.avmbianco.com.br\/site\/wp-json\/wp\/v2\/product\/2152","targetHints":{"allow":["GET"]}}],"collection":[{"href":"https:\/\/www.avmbianco.com.br\/site\/wp-json\/wp\/v2\/product"}],"about":[{"href":"https:\/\/www.avmbianco.com.br\/site\/wp-json\/wp\/v2\/types\/product"}],"replies":[{"embeddable":true,"href":"https:\/\/www.avmbianco.com.br\/site\/wp-json\/wp\/v2\/comments?post=2152"}],"wp:featuredmedia":[{"embeddable":true,"href":"https:\/\/www.avmbianco.com.br\/site\/wp-json\/wp\/v2\/media\/14099"}],"wp:attachment":[{"href":"https:\/\/www.avmbianco.com.br\/site\/wp-json\/wp\/v2\/media?parent=2152"}],"wp:term":[{"taxonomy":"product_brand","embeddable":true,"href":"https:\/\/www.avmbianco.com.br\/site\/wp-json\/wp\/v2\/product_brand?post=2152"},{"taxonomy":"product_cat","embeddable":true,"href":"https:\/\/www.avmbianco.com.br\/site\/wp-json\/wp\/v2\/product_cat?post=2152"},{"taxonomy":"product_tag","embeddable":true,"href":"https:\/\/www.avmbianco.com.br\/site\/wp-json\/wp\/v2\/product_tag?post=2152"}],"curies":[{"name":"wp","href":"https:\/\/api.w.org\/{rel}","templated":true}]}}