{"id":2153,"date":"2017-03-08T14:57:19","date_gmt":"2017-03-08T17:57:19","guid":{"rendered":"http:\/\/www.avmbianco.com.br\/site\/?post_type=product&#038;p=2153"},"modified":"2025-03-27T14:50:09","modified_gmt":"2025-03-27T17:50:09","slug":"linha-120","status":"publish","type":"product","link":"https:\/\/www.avmbianco.com.br\/site\/produto\/linha-120\/","title":{"rendered":"Linha Setta Xik 120"},"content":{"rendered":"<p>Linha Setta 120 poli\u00e9ster cone c\/2000yards<\/p>\n","protected":false},"excerpt":{"rendered":"<p>Linha Para Costura Setta XIK Etiqueta 120 cone de 2000 jds.<br \/>Cont\u00e9m: 1 unidade Composi\u00e7\u00e3o: 100% Poli\u00e9ster Fiado<\/p>\n<p>Lubrifica\u00e7\u00e3o especial para m\u00e1quinas de alto desempenho. Excelente costurabilidade em baixas, m\u00e9dias e altas velocidades. Regularidade de espessura, tor\u00e7\u00e3o e alongamento. Aus\u00eancia de imperfei\u00e7\u00f5es. \u00d3tima solidez e reprodutividade de cores. V\u00e1rias etiquetas e metragens para a sua melhor condi\u00e7\u00e3o de trabalho. Grande gama de cores,verifique a tabela.<\/p>\n<p><strong>OBS:<\/strong>Em cada foto tem o numero da cor.<\/p>\n<h4 style=\"text-align: center;\" data-mce-style=\"text-align: center;\"><strong>**Consulte Cores Dispon\u00edveis**<\/strong><\/h4>\n<p><\/p>\n","protected":false},"featured_media":8535,"comment_status":"open","ping_status":"closed","template":"","meta":[],"product_brand":[],"product_cat":[53],"product_tag":[],"class_list":{"0":"post-2153","1":"product","2":"type-product","3":"status-publish","4":"has-post-thumbnail","6":"product_cat-linhas","8":"first","9":"instock","10":"taxable","11":"shipping-taxable","12":"purchasable","13":"product-type-variable"},"_links":{"self":[{"href":"https:\/\/www.avmbianco.com.br\/site\/wp-json\/wp\/v2\/product\/2153","targetHints":{"allow":["GET"]}}],"collection":[{"href":"https:\/\/www.avmbianco.com.br\/site\/wp-json\/wp\/v2\/product"}],"about":[{"href":"https:\/\/www.avmbianco.com.br\/site\/wp-json\/wp\/v2\/types\/product"}],"replies":[{"embeddable":true,"href":"https:\/\/www.avmbianco.com.br\/site\/wp-json\/wp\/v2\/comments?post=2153"}],"wp:featuredmedia":[{"embeddable":true,"href":"https:\/\/www.avmbianco.com.br\/site\/wp-json\/wp\/v2\/media\/8535"}],"wp:attachment":[{"href":"https:\/\/www.avmbianco.com.br\/site\/wp-json\/wp\/v2\/media?parent=2153"}],"wp:term":[{"taxonomy":"product_brand","embeddable":true,"href":"https:\/\/www.avmbianco.com.br\/site\/wp-json\/wp\/v2\/product_brand?post=2153"},{"taxonomy":"product_cat","embeddable":true,"href":"https:\/\/www.avmbianco.com.br\/site\/wp-json\/wp\/v2\/product_cat?post=2153"},{"taxonomy":"product_tag","embeddable":true,"href":"https:\/\/www.avmbianco.com.br\/site\/wp-json\/wp\/v2\/product_tag?post=2153"}],"curies":[{"name":"wp","href":"https:\/\/api.w.org\/{rel}","templated":true}]}}