{"id":2154,"date":"2017-03-08T15:02:59","date_gmt":"2017-03-08T18:02:59","guid":{"rendered":"http:\/\/www.avmbianco.com.br\/site\/?post_type=product&#038;p=2154"},"modified":"2025-03-20T12:59:35","modified_gmt":"2025-03-20T15:59:35","slug":"linha-invisivel","status":"publish","type":"product","link":"https:\/\/www.avmbianco.com.br\/site\/produto\/linha-invisivel\/","title":{"rendered":"Linha Invis\u00edvel"},"content":{"rendered":"<p>Linha Invis\u00edvel costuratex 100% poliamida c\/2000yards<\/p>\n","protected":false},"excerpt":{"rendered":"<p>Muitas vezes a costura deve ser discreta para n\u00e3o ofuscar a beleza da pe\u00e7a! A linha invis\u00edvel \u00e9 perfeita para fixar detalhes na roupa. Pode ser utilizada em costura de etiquetas, cortinas, confec\u00e7\u00e3o de bijouterias, artesanato em geral, etc&#8230;.<\/p>\n<p>Reinvente a moda!<\/p>\n<p>Composi\u00e7\u00e3o: 100% Poliamida Monofilamento<\/p>\n","protected":false},"featured_media":1891,"comment_status":"open","ping_status":"closed","template":"","meta":[],"product_brand":[],"product_cat":[53],"product_tag":[],"class_list":{"0":"post-2154","1":"product","2":"type-product","3":"status-publish","4":"has-post-thumbnail","6":"product_cat-linhas","8":"first","9":"instock","10":"taxable","11":"shipping-taxable","12":"purchasable","13":"product-type-simple"},"_links":{"self":[{"href":"https:\/\/www.avmbianco.com.br\/site\/wp-json\/wp\/v2\/product\/2154","targetHints":{"allow":["GET"]}}],"collection":[{"href":"https:\/\/www.avmbianco.com.br\/site\/wp-json\/wp\/v2\/product"}],"about":[{"href":"https:\/\/www.avmbianco.com.br\/site\/wp-json\/wp\/v2\/types\/product"}],"replies":[{"embeddable":true,"href":"https:\/\/www.avmbianco.com.br\/site\/wp-json\/wp\/v2\/comments?post=2154"}],"wp:featuredmedia":[{"embeddable":true,"href":"https:\/\/www.avmbianco.com.br\/site\/wp-json\/wp\/v2\/media\/1891"}],"wp:attachment":[{"href":"https:\/\/www.avmbianco.com.br\/site\/wp-json\/wp\/v2\/media?parent=2154"}],"wp:term":[{"taxonomy":"product_brand","embeddable":true,"href":"https:\/\/www.avmbianco.com.br\/site\/wp-json\/wp\/v2\/product_brand?post=2154"},{"taxonomy":"product_cat","embeddable":true,"href":"https:\/\/www.avmbianco.com.br\/site\/wp-json\/wp\/v2\/product_cat?post=2154"},{"taxonomy":"product_tag","embeddable":true,"href":"https:\/\/www.avmbianco.com.br\/site\/wp-json\/wp\/v2\/product_tag?post=2154"}],"curies":[{"name":"wp","href":"https:\/\/api.w.org\/{rel}","templated":true}]}}