{"id":2193,"date":"2017-03-09T17:03:29","date_gmt":"2017-03-09T17:03:29","guid":{"rendered":"http:\/\/www.avmbianco.com.br\/site\/?post_type=product&#038;p=2193"},"modified":"2025-03-20T15:22:22","modified_gmt":"2025-03-20T18:22:22","slug":"vivo","status":"publish","type":"product","link":"https:\/\/www.avmbianco.com.br\/site\/produto\/vivo\/","title":{"rendered":"Vivo MWV-9"},"content":{"rendered":"","protected":false},"excerpt":{"rendered":"<p>Vivo 9mm<br \/>\nComposi\u00e7\u00e3o: 100% Poli\u00e9ster<br \/>\nRolo com 50 metros<\/p>\n<p>Ideal para al\u00e7as de sacolas, roupas, bolsas, biqu\u00ednis, sungas e outros.<\/p>\n<p><strong>**Consulte Cores Dispon\u00edveis**<\/strong><\/p>\n","protected":false},"featured_media":8366,"comment_status":"open","ping_status":"closed","template":"","meta":[],"product_brand":[],"product_cat":[178],"product_tag":[],"class_list":{"0":"post-2193","1":"product","2":"type-product","3":"status-publish","4":"has-post-thumbnail","6":"product_cat-vivo","8":"first","9":"instock","10":"taxable","11":"shipping-taxable","12":"purchasable","13":"product-type-variable"},"_links":{"self":[{"href":"https:\/\/www.avmbianco.com.br\/site\/wp-json\/wp\/v2\/product\/2193","targetHints":{"allow":["GET"]}}],"collection":[{"href":"https:\/\/www.avmbianco.com.br\/site\/wp-json\/wp\/v2\/product"}],"about":[{"href":"https:\/\/www.avmbianco.com.br\/site\/wp-json\/wp\/v2\/types\/product"}],"replies":[{"embeddable":true,"href":"https:\/\/www.avmbianco.com.br\/site\/wp-json\/wp\/v2\/comments?post=2193"}],"wp:featuredmedia":[{"embeddable":true,"href":"https:\/\/www.avmbianco.com.br\/site\/wp-json\/wp\/v2\/media\/8366"}],"wp:attachment":[{"href":"https:\/\/www.avmbianco.com.br\/site\/wp-json\/wp\/v2\/media?parent=2193"}],"wp:term":[{"taxonomy":"product_brand","embeddable":true,"href":"https:\/\/www.avmbianco.com.br\/site\/wp-json\/wp\/v2\/product_brand?post=2193"},{"taxonomy":"product_cat","embeddable":true,"href":"https:\/\/www.avmbianco.com.br\/site\/wp-json\/wp\/v2\/product_cat?post=2193"},{"taxonomy":"product_tag","embeddable":true,"href":"https:\/\/www.avmbianco.com.br\/site\/wp-json\/wp\/v2\/product_tag?post=2193"}],"curies":[{"name":"wp","href":"https:\/\/api.w.org\/{rel}","templated":true}]}}