{"id":2415,"date":"2017-03-15T13:21:38","date_gmt":"2017-03-15T13:21:38","guid":{"rendered":"http:\/\/www.avmbianco.com.br\/site\/?post_type=product&#038;p=2415"},"modified":"2025-03-21T15:17:08","modified_gmt":"2025-03-21T18:17:08","slug":"fita-metalica","status":"publish","type":"product","link":"https:\/\/www.avmbianco.com.br\/site\/produto\/fita-metalica\/","title":{"rendered":"Fita Metalica"},"content":{"rendered":"<p>Fita Met\u00e1lica 80 metalizado e 20 poli\u00e9ster c\/10 m<\/p>\n","protected":false},"excerpt":{"rendered":"<p>Fitas Met\u00e1licas de excelente qualidade na confec\u00e7\u00e3o e decora\u00e7\u00e3o.<\/p>\n<p>Utilizada em roupas em geral, embalagens, presentes, etc.<\/p>\n<p>Composi\u00e7\u00e3o: 80% Metalizado 20% Poli\u00e9ster<\/p>\n","protected":false},"featured_media":2409,"comment_status":"open","ping_status":"closed","template":"","meta":[],"product_brand":[],"product_cat":[213,265],"product_tag":[],"class_list":{"0":"post-2415","1":"product","2":"type-product","3":"status-publish","4":"has-post-thumbnail","6":"product_cat-galao","7":"product_cat-lurex","8":"pa_largura-10-mm","9":"pa_largura-7-mm","11":"first","12":"instock","13":"taxable","14":"shipping-taxable","15":"purchasable","16":"product-type-variable"},"_links":{"self":[{"href":"https:\/\/www.avmbianco.com.br\/site\/wp-json\/wp\/v2\/product\/2415","targetHints":{"allow":["GET"]}}],"collection":[{"href":"https:\/\/www.avmbianco.com.br\/site\/wp-json\/wp\/v2\/product"}],"about":[{"href":"https:\/\/www.avmbianco.com.br\/site\/wp-json\/wp\/v2\/types\/product"}],"replies":[{"embeddable":true,"href":"https:\/\/www.avmbianco.com.br\/site\/wp-json\/wp\/v2\/comments?post=2415"}],"wp:featuredmedia":[{"embeddable":true,"href":"https:\/\/www.avmbianco.com.br\/site\/wp-json\/wp\/v2\/media\/2409"}],"wp:attachment":[{"href":"https:\/\/www.avmbianco.com.br\/site\/wp-json\/wp\/v2\/media?parent=2415"}],"wp:term":[{"taxonomy":"product_brand","embeddable":true,"href":"https:\/\/www.avmbianco.com.br\/site\/wp-json\/wp\/v2\/product_brand?post=2415"},{"taxonomy":"product_cat","embeddable":true,"href":"https:\/\/www.avmbianco.com.br\/site\/wp-json\/wp\/v2\/product_cat?post=2415"},{"taxonomy":"product_tag","embeddable":true,"href":"https:\/\/www.avmbianco.com.br\/site\/wp-json\/wp\/v2\/product_tag?post=2415"}],"curies":[{"name":"wp","href":"https:\/\/api.w.org\/{rel}","templated":true}]}}