{"id":3046,"date":"2017-03-17T14:35:10","date_gmt":"2017-03-17T14:35:10","guid":{"rendered":"http:\/\/www.avmbianco.com.br\/site\/?post_type=product&#038;p=3046"},"modified":"2025-10-07T10:40:38","modified_gmt":"2025-10-07T13:40:38","slug":"cadarco-algodao","status":"publish","type":"product","link":"https:\/\/www.avmbianco.com.br\/site\/produto\/cadarco-algodao\/","title":{"rendered":"Cadar\u00e7o Algod\u00e3o MW"},"content":{"rendered":"<p>Cadar\u00e7o 100% algod\u00e3o<\/p>\n","protected":false},"excerpt":{"rendered":"<p>Composi\u00e7\u00e3o: 100% algod\u00e3o<\/p>\n<p>Cadar\u00e7o de excelente qualidade e resist\u00eancia, utilizado em confec\u00e7\u00f5es, refor\u00e7o de costura, detalhes. Como, por exemplo, sacolas, bolsas, mochilas, velas, etc.<\/p>\n","protected":false},"featured_media":3007,"comment_status":"open","ping_status":"closed","template":"","meta":[],"product_brand":[],"product_cat":[316,310],"product_tag":[],"class_list":{"0":"post-3046","1":"product","2":"type-product","3":"status-publish","4":"has-post-thumbnail","6":"product_cat-algodao","7":"product_cat-cadarco","8":"pa_largura-20-mm","9":"pa_largura-25-mm","10":"pa_largura-30-mm","11":"pa_largura-35-mm","12":"pa_largura-40-mm","13":"pa_largura-50-mm","15":"first","16":"instock","17":"taxable","18":"shipping-taxable","19":"purchasable","20":"product-type-variable","21":"has-default-attributes"},"_links":{"self":[{"href":"https:\/\/www.avmbianco.com.br\/site\/wp-json\/wp\/v2\/product\/3046","targetHints":{"allow":["GET"]}}],"collection":[{"href":"https:\/\/www.avmbianco.com.br\/site\/wp-json\/wp\/v2\/product"}],"about":[{"href":"https:\/\/www.avmbianco.com.br\/site\/wp-json\/wp\/v2\/types\/product"}],"replies":[{"embeddable":true,"href":"https:\/\/www.avmbianco.com.br\/site\/wp-json\/wp\/v2\/comments?post=3046"}],"wp:featuredmedia":[{"embeddable":true,"href":"https:\/\/www.avmbianco.com.br\/site\/wp-json\/wp\/v2\/media\/3007"}],"wp:attachment":[{"href":"https:\/\/www.avmbianco.com.br\/site\/wp-json\/wp\/v2\/media?parent=3046"}],"wp:term":[{"taxonomy":"product_brand","embeddable":true,"href":"https:\/\/www.avmbianco.com.br\/site\/wp-json\/wp\/v2\/product_brand?post=3046"},{"taxonomy":"product_cat","embeddable":true,"href":"https:\/\/www.avmbianco.com.br\/site\/wp-json\/wp\/v2\/product_cat?post=3046"},{"taxonomy":"product_tag","embeddable":true,"href":"https:\/\/www.avmbianco.com.br\/site\/wp-json\/wp\/v2\/product_tag?post=3046"}],"curies":[{"name":"wp","href":"https:\/\/api.w.org\/{rel}","templated":true}]}}