{"id":3912,"date":"2017-03-29T11:58:34","date_gmt":"2017-03-29T14:58:34","guid":{"rendered":"http:\/\/www.avmbianco.com.br\/site\/?post_type=product&#038;p=3912"},"modified":"2025-03-26T15:32:18","modified_gmt":"2025-03-26T18:32:18","slug":"elastico-sao-jose-pigeon","status":"publish","type":"product","link":"https:\/\/www.avmbianco.com.br\/site\/produto\/elastico-sao-jose-pigeon\/","title":{"rendered":"El\u00e1stico S\u00e3o Jos\u00e9 Pigeon"},"content":{"rendered":"<p>El\u00e1stico S\u00e3o Jos\u00e9 Pigeon medidas:<\/p>\n<p>n\u00ba6=4mm<\/p>\n<p>n\u00ba8=5mm<\/p>\n<p>n\u00ba10=6mm<\/p>\n<p>n\u00ba12=7mm<\/p>\n<p>n\u00ba14=9mm<\/p>\n<p>n\u00ba16=10mm<\/p>\n<p>n\u00ba18=11mm<\/p>\n<p>n\u00ba20=13mm<\/p>\n<p>n\u00ba24=16mm<\/p>\n<p>n\u00ba28=20mm<\/p>\n<p>n\u00ba32=22mm<\/p>\n<p>n\u00ba38=28mm<\/p>\n","protected":false},"excerpt":{"rendered":"<p>O El\u00e1stico Chato Pigeon Sao Jose, pode ser utilizado em cintos, convites, roupas em geral e outros.<br \/>\nComposi\u00e7\u00e3o: 69% Algod\u00e3o + 31% L\u00e1tex<\/p>\n<p>&nbsp;<\/p>\n","protected":false},"featured_media":3782,"comment_status":"open","ping_status":"closed","template":"","meta":[],"product_brand":[],"product_cat":[19],"product_tag":[],"class_list":{"0":"post-3912","1":"product","2":"type-product","3":"status-publish","4":"has-post-thumbnail","6":"product_cat-elasticos","8":"first","9":"instock","10":"taxable","11":"shipping-taxable","12":"purchasable","13":"product-type-variable"},"_links":{"self":[{"href":"https:\/\/www.avmbianco.com.br\/site\/wp-json\/wp\/v2\/product\/3912","targetHints":{"allow":["GET"]}}],"collection":[{"href":"https:\/\/www.avmbianco.com.br\/site\/wp-json\/wp\/v2\/product"}],"about":[{"href":"https:\/\/www.avmbianco.com.br\/site\/wp-json\/wp\/v2\/types\/product"}],"replies":[{"embeddable":true,"href":"https:\/\/www.avmbianco.com.br\/site\/wp-json\/wp\/v2\/comments?post=3912"}],"wp:featuredmedia":[{"embeddable":true,"href":"https:\/\/www.avmbianco.com.br\/site\/wp-json\/wp\/v2\/media\/3782"}],"wp:attachment":[{"href":"https:\/\/www.avmbianco.com.br\/site\/wp-json\/wp\/v2\/media?parent=3912"}],"wp:term":[{"taxonomy":"product_brand","embeddable":true,"href":"https:\/\/www.avmbianco.com.br\/site\/wp-json\/wp\/v2\/product_brand?post=3912"},{"taxonomy":"product_cat","embeddable":true,"href":"https:\/\/www.avmbianco.com.br\/site\/wp-json\/wp\/v2\/product_cat?post=3912"},{"taxonomy":"product_tag","embeddable":true,"href":"https:\/\/www.avmbianco.com.br\/site\/wp-json\/wp\/v2\/product_tag?post=3912"}],"curies":[{"name":"wp","href":"https:\/\/api.w.org\/{rel}","templated":true}]}}