{"id":4054,"date":"2017-03-30T09:55:24","date_gmt":"2017-03-30T12:55:24","guid":{"rendered":"http:\/\/www.avmbianco.com.br\/site\/?post_type=product&#038;p=4054"},"modified":"2025-03-26T15:11:12","modified_gmt":"2025-03-26T18:11:12","slug":"lastex-zanotti","status":"publish","type":"product","link":"https:\/\/www.avmbianco.com.br\/site\/produto\/lastex-zanotti\/","title":{"rendered":"Lastex Zanotti"},"content":{"rendered":"<p>Lastex Zanotti com 500mts<\/p>\n","protected":false},"excerpt":{"rendered":"<p>Produto de alt\u00edssima qualidade para v\u00e1rios tipos de confec\u00e7\u00e3o. O Lastex \u00e9 um aviamento chave para a costura. Para franzir vestidos, blusas, saias e outras pe\u00e7as, use o lastex! . Tamb\u00e9m pode se utilizado por cabeleireiros, em apliques.<br \/>\nComposi\u00e7\u00e3o: 55% elastodieno e 45 % poli\u00e9ster.<\/p>\n","protected":false},"featured_media":4026,"comment_status":"open","ping_status":"closed","template":"","meta":[],"product_brand":[],"product_cat":[19],"product_tag":[],"class_list":{"0":"post-4054","1":"product","2":"type-product","3":"status-publish","4":"has-post-thumbnail","6":"product_cat-elasticos","8":"first","9":"instock","10":"taxable","11":"shipping-taxable","12":"purchasable","13":"product-type-variable"},"_links":{"self":[{"href":"https:\/\/www.avmbianco.com.br\/site\/wp-json\/wp\/v2\/product\/4054","targetHints":{"allow":["GET"]}}],"collection":[{"href":"https:\/\/www.avmbianco.com.br\/site\/wp-json\/wp\/v2\/product"}],"about":[{"href":"https:\/\/www.avmbianco.com.br\/site\/wp-json\/wp\/v2\/types\/product"}],"replies":[{"embeddable":true,"href":"https:\/\/www.avmbianco.com.br\/site\/wp-json\/wp\/v2\/comments?post=4054"}],"wp:featuredmedia":[{"embeddable":true,"href":"https:\/\/www.avmbianco.com.br\/site\/wp-json\/wp\/v2\/media\/4026"}],"wp:attachment":[{"href":"https:\/\/www.avmbianco.com.br\/site\/wp-json\/wp\/v2\/media?parent=4054"}],"wp:term":[{"taxonomy":"product_brand","embeddable":true,"href":"https:\/\/www.avmbianco.com.br\/site\/wp-json\/wp\/v2\/product_brand?post=4054"},{"taxonomy":"product_cat","embeddable":true,"href":"https:\/\/www.avmbianco.com.br\/site\/wp-json\/wp\/v2\/product_cat?post=4054"},{"taxonomy":"product_tag","embeddable":true,"href":"https:\/\/www.avmbianco.com.br\/site\/wp-json\/wp\/v2\/product_tag?post=4054"}],"curies":[{"name":"wp","href":"https:\/\/api.w.org\/{rel}","templated":true}]}}