{"id":4239,"date":"2017-03-30T14:32:28","date_gmt":"2017-03-30T17:32:28","guid":{"rendered":"http:\/\/www.avmbianco.com.br\/site\/?post_type=product&#038;p=4239"},"modified":"2025-07-07T11:24:00","modified_gmt":"2025-07-07T14:24:00","slug":"matriz-botao-bombe","status":"publish","type":"product","link":"https:\/\/www.avmbianco.com.br\/site\/produto\/matriz-botao-bombe\/","title":{"rendered":"Matriz Bot\u00e3o Bomb\u00ea"},"content":{"rendered":"<p>Matriz Bot\u00e3o Bomb\u00ea, unid<\/p>\n","protected":false},"excerpt":{"rendered":"<p>Matriz Bot\u00e3o Bombe ideal para utiliza\u00e7\u00e3o com os bot\u00f5es Bomb\u00ea de Forrar \/ Encapar da Cardenas.<br \/>\nCompre os bot\u00f5es no mesmo tamanho que a matriz.<\/p>\n","protected":false},"featured_media":4151,"comment_status":"open","ping_status":"closed","template":"","meta":[],"product_brand":[],"product_cat":[24],"product_tag":[],"class_list":{"0":"post-4239","1":"product","2":"type-product","3":"status-publish","4":"has-post-thumbnail","6":"product_cat-botoes","8":"first","9":"instock","10":"taxable","11":"shipping-taxable","12":"purchasable","13":"product-type-variable"},"_links":{"self":[{"href":"https:\/\/www.avmbianco.com.br\/site\/wp-json\/wp\/v2\/product\/4239","targetHints":{"allow":["GET"]}}],"collection":[{"href":"https:\/\/www.avmbianco.com.br\/site\/wp-json\/wp\/v2\/product"}],"about":[{"href":"https:\/\/www.avmbianco.com.br\/site\/wp-json\/wp\/v2\/types\/product"}],"replies":[{"embeddable":true,"href":"https:\/\/www.avmbianco.com.br\/site\/wp-json\/wp\/v2\/comments?post=4239"}],"wp:featuredmedia":[{"embeddable":true,"href":"https:\/\/www.avmbianco.com.br\/site\/wp-json\/wp\/v2\/media\/4151"}],"wp:attachment":[{"href":"https:\/\/www.avmbianco.com.br\/site\/wp-json\/wp\/v2\/media?parent=4239"}],"wp:term":[{"taxonomy":"product_brand","embeddable":true,"href":"https:\/\/www.avmbianco.com.br\/site\/wp-json\/wp\/v2\/product_brand?post=4239"},{"taxonomy":"product_cat","embeddable":true,"href":"https:\/\/www.avmbianco.com.br\/site\/wp-json\/wp\/v2\/product_cat?post=4239"},{"taxonomy":"product_tag","embeddable":true,"href":"https:\/\/www.avmbianco.com.br\/site\/wp-json\/wp\/v2\/product_tag?post=4239"}],"curies":[{"name":"wp","href":"https:\/\/api.w.org\/{rel}","templated":true}]}}