{"id":4442,"date":"2017-03-31T13:48:18","date_gmt":"2017-03-31T13:48:18","guid":{"rendered":"http:\/\/www.avmbianco.com.br\/site\/?post_type=product&#038;p=4442"},"modified":"2025-03-27T11:45:15","modified_gmt":"2025-03-27T14:45:15","slug":"etiquetadora-3850","status":"publish","type":"product","link":"https:\/\/www.avmbianco.com.br\/site\/produto\/etiquetadora-3850\/","title":{"rendered":"Etiquetadora &#8211; 8500"},"content":{"rendered":"<p><strong>Descri\u00e7\u00e3o do Produto:<br \/>\n<\/strong>Indispens\u00e1vel para com\u00e9rcios em geral, a\u00a0<strong>etiquetadora ML8500 &#8211; 1 linha &#8211; 8 d\u00edgitos<\/strong> veio para facilitar o dia a dia do comerciante.<\/p>\n<p>Com design anat\u00f4mico e leve, para uma aplica\u00e7\u00e3o precisa e segura, a\u00a0<strong>etiquetadora ML8500 &#8211; 1 linha &#8211; 8 d\u00edgitos\u00a0<\/strong>se destaca em rela\u00e7\u00e3o aos outros produtos concorrentes. A aplica\u00e7\u00e3o das etiquetas pode ser feita de forma r\u00e1pida e diretamente nas mercadorias. Al\u00e9m disso, o sistema de abertura r\u00e1pida para troca de tinteiro e etiquetas torna o processo ainda mais simples.<\/p>\n<p>&#8211; Impress\u00e3o de at\u00e9 8 d\u00edgitos em uma linha.<br \/>\n&#8211; Design anat\u00f4mico proporcionando aplica\u00e7\u00e3o precisa e segura.<br \/>\n&#8211; Extremamente leve.<br \/>\n&#8211; Super Econ\u00f4mica.<br \/>\n&#8211; Uso port\u00e1til para inser\u00e7\u00e3o de pre\u00e7os e c\u00f3digos em produtos.<br \/>\n&#8211; Sistema de abertura r\u00e1pida facilitando as trocas de tinteiro e etiquetas.<br \/>\n&#8211; Muito utilizada em v\u00e1rios setores do com\u00e9rcio, como: supermercados, quitandas, lojas, farm\u00e1cias, etc.<\/p>\n<p><strong>Medida da Etiqueta:<\/strong>\u00a021 x 12 mm (<a title=\"Etiqueta Pico 1Y, MX5500\" href=\"https:\/\/www.aartgraf.com.br\/etiqueta-mx-5500-pico-1y-para-etiquetadoras\">Modelo Pico 1Y ou MX5500<\/a>).<br \/>\n<strong>Tinteiro:<\/strong>\u00a0<a title=\"Tinteiros\" href=\"https:\/\/www.aartgraf.com.br\/tinteiros-para-etiquetadoras-todos-os-modelos-da-loja\" target=\"_blank\" rel=\"noopener\">20 mm Made in Italy<\/a><\/p>\n<p><strong>Material:<\/strong>\u00a0 Pl\u00e1stico Refor\u00e7ado.<\/p>\n<p><strong>Medidas:<\/strong>\u00a024,00 x 12,60 x 4,50 cm<\/p>\n<p><strong>Origem:<\/strong>\u00a0Importada<\/p>\n<p><strong>Apresenta\u00e7\u00e3o:<\/strong>\u00a0caixas contendo 1 unidade e 1 rolete de tinta extra.<\/p>\n","protected":false},"excerpt":{"rendered":"<p>Com a etiquetadora ML8500<strong>\u00a0<\/strong>seu com\u00e9rcio ganha mais agilidade e efici\u00eancia.<\/p>\n","protected":false},"featured_media":16705,"comment_status":"open","ping_status":"closed","template":"","meta":[],"product_brand":[],"product_cat":[50],"product_tag":[],"class_list":{"0":"post-4442","1":"product","2":"type-product","3":"status-publish","4":"has-post-thumbnail","6":"product_cat-maquinas","8":"first","9":"instock","10":"taxable","11":"shipping-taxable","12":"purchasable","13":"product-type-simple"},"_links":{"self":[{"href":"https:\/\/www.avmbianco.com.br\/site\/wp-json\/wp\/v2\/product\/4442","targetHints":{"allow":["GET"]}}],"collection":[{"href":"https:\/\/www.avmbianco.com.br\/site\/wp-json\/wp\/v2\/product"}],"about":[{"href":"https:\/\/www.avmbianco.com.br\/site\/wp-json\/wp\/v2\/types\/product"}],"replies":[{"embeddable":true,"href":"https:\/\/www.avmbianco.com.br\/site\/wp-json\/wp\/v2\/comments?post=4442"}],"wp:featuredmedia":[{"embeddable":true,"href":"https:\/\/www.avmbianco.com.br\/site\/wp-json\/wp\/v2\/media\/16705"}],"wp:attachment":[{"href":"https:\/\/www.avmbianco.com.br\/site\/wp-json\/wp\/v2\/media?parent=4442"}],"wp:term":[{"taxonomy":"product_brand","embeddable":true,"href":"https:\/\/www.avmbianco.com.br\/site\/wp-json\/wp\/v2\/product_brand?post=4442"},{"taxonomy":"product_cat","embeddable":true,"href":"https:\/\/www.avmbianco.com.br\/site\/wp-json\/wp\/v2\/product_cat?post=4442"},{"taxonomy":"product_tag","embeddable":true,"href":"https:\/\/www.avmbianco.com.br\/site\/wp-json\/wp\/v2\/product_tag?post=4442"}],"curies":[{"name":"wp","href":"https:\/\/api.w.org\/{rel}","templated":true}]}}