{"id":5007,"date":"2017-04-07T13:18:18","date_gmt":"2017-04-07T13:18:18","guid":{"rendered":"http:\/\/www.avmbianco.com.br\/site\/?post_type=product&#038;p=5007"},"modified":"2026-01-21T14:21:12","modified_gmt":"2026-01-21T17:21:12","slug":"linha-drima","status":"publish","type":"product","link":"https:\/\/www.avmbianco.com.br\/site\/produto\/linha-drima\/","title":{"rendered":"Linha Drima"},"content":{"rendered":"","protected":false},"excerpt":{"rendered":"<p>Linha para costura Drima<br \/>\nComposi\u00e7\u00e3o: 100% Poli\u00e9ster<\/p>\n<p>Aplica\u00e7\u00e3o: Para costura de camisas, lingeries, malhas, blusas, agasalhos, em tecidos leves e m\u00e9dios, de composi\u00e7\u00e3o mista ou sint\u00e9tica. O poli\u00e9ster tem a vantagem de dar elasticidade ao ponto, sendo mais resistente.<br \/>\nUnidade de venda: tubos de 91,4m<\/p>\n<p><strong>**Consulte Cores Dispon\u00edveis**<\/strong><\/p>\n","protected":false},"featured_media":4957,"comment_status":"open","ping_status":"closed","template":"","meta":[],"product_brand":[],"product_cat":[53],"product_tag":[],"class_list":{"0":"post-5007","1":"product","2":"type-product","3":"status-publish","4":"has-post-thumbnail","6":"product_cat-linhas","8":"first","9":"instock","10":"taxable","11":"shipping-taxable","12":"purchasable","13":"product-type-variable"},"_links":{"self":[{"href":"https:\/\/www.avmbianco.com.br\/site\/wp-json\/wp\/v2\/product\/5007","targetHints":{"allow":["GET"]}}],"collection":[{"href":"https:\/\/www.avmbianco.com.br\/site\/wp-json\/wp\/v2\/product"}],"about":[{"href":"https:\/\/www.avmbianco.com.br\/site\/wp-json\/wp\/v2\/types\/product"}],"replies":[{"embeddable":true,"href":"https:\/\/www.avmbianco.com.br\/site\/wp-json\/wp\/v2\/comments?post=5007"}],"wp:featuredmedia":[{"embeddable":true,"href":"https:\/\/www.avmbianco.com.br\/site\/wp-json\/wp\/v2\/media\/4957"}],"wp:attachment":[{"href":"https:\/\/www.avmbianco.com.br\/site\/wp-json\/wp\/v2\/media?parent=5007"}],"wp:term":[{"taxonomy":"product_brand","embeddable":true,"href":"https:\/\/www.avmbianco.com.br\/site\/wp-json\/wp\/v2\/product_brand?post=5007"},{"taxonomy":"product_cat","embeddable":true,"href":"https:\/\/www.avmbianco.com.br\/site\/wp-json\/wp\/v2\/product_cat?post=5007"},{"taxonomy":"product_tag","embeddable":true,"href":"https:\/\/www.avmbianco.com.br\/site\/wp-json\/wp\/v2\/product_tag?post=5007"}],"curies":[{"name":"wp","href":"https:\/\/api.w.org\/{rel}","templated":true}]}}