{"id":5056,"date":"2017-04-07T13:39:37","date_gmt":"2017-04-07T13:39:37","guid":{"rendered":"http:\/\/www.avmbianco.com.br\/site\/?post_type=product&#038;p=5056"},"modified":"2025-04-25T10:29:20","modified_gmt":"2025-04-25T13:29:20","slug":"caixa-de-linha","status":"publish","type":"product","link":"https:\/\/www.avmbianco.com.br\/site\/produto\/caixa-de-linha\/","title":{"rendered":"Caixa de Linha Drima"},"content":{"rendered":"<p>&nbsp;<\/p>\n<p>&nbsp;<\/p>\n","protected":false},"excerpt":{"rendered":"<p>Linha para costura Drima Sortimento<br \/>\nCont\u00e9m: Caixa com 10 tubos,uma cor s\u00f3<br \/>\nComposi\u00e7\u00e3o: 100% Poli\u00e9ster<\/p>\n<p>Aplica\u00e7\u00e3o: Para costura de camisas, lingeries, malhas, blusas, agasalhos, em tecidos leves e m\u00e9dios, de composi\u00e7\u00e3o mista ou sint\u00e9tica. O poli\u00e9ster tem a vantagem de dar elasticidade ao ponto, sendo mais resistente.<br \/>\nUnidade de venda: Caixa com 10 tubos de 91,4m<\/p>\n<p>Fabricante: Coats Corrente<\/p>\n<p><strong>**Consulte Cores Dispon\u00edveis**<\/strong><\/p>\n","protected":false},"featured_media":4959,"comment_status":"open","ping_status":"closed","template":"","meta":[],"product_brand":[],"product_cat":[53],"product_tag":[],"class_list":{"0":"post-5056","1":"product","2":"type-product","3":"status-publish","4":"has-post-thumbnail","6":"product_cat-linhas","8":"first","9":"instock","10":"taxable","11":"shipping-taxable","12":"purchasable","13":"product-type-variable"},"_links":{"self":[{"href":"https:\/\/www.avmbianco.com.br\/site\/wp-json\/wp\/v2\/product\/5056","targetHints":{"allow":["GET"]}}],"collection":[{"href":"https:\/\/www.avmbianco.com.br\/site\/wp-json\/wp\/v2\/product"}],"about":[{"href":"https:\/\/www.avmbianco.com.br\/site\/wp-json\/wp\/v2\/types\/product"}],"replies":[{"embeddable":true,"href":"https:\/\/www.avmbianco.com.br\/site\/wp-json\/wp\/v2\/comments?post=5056"}],"wp:featuredmedia":[{"embeddable":true,"href":"https:\/\/www.avmbianco.com.br\/site\/wp-json\/wp\/v2\/media\/4959"}],"wp:attachment":[{"href":"https:\/\/www.avmbianco.com.br\/site\/wp-json\/wp\/v2\/media?parent=5056"}],"wp:term":[{"taxonomy":"product_brand","embeddable":true,"href":"https:\/\/www.avmbianco.com.br\/site\/wp-json\/wp\/v2\/product_brand?post=5056"},{"taxonomy":"product_cat","embeddable":true,"href":"https:\/\/www.avmbianco.com.br\/site\/wp-json\/wp\/v2\/product_cat?post=5056"},{"taxonomy":"product_tag","embeddable":true,"href":"https:\/\/www.avmbianco.com.br\/site\/wp-json\/wp\/v2\/product_tag?post=5056"}],"curies":[{"name":"wp","href":"https:\/\/api.w.org\/{rel}","templated":true}]}}