{"id":5057,"date":"2017-04-07T13:44:36","date_gmt":"2017-04-07T16:44:36","guid":{"rendered":"http:\/\/www.avmbianco.com.br\/site\/?post_type=product&#038;p=5057"},"modified":"2025-03-31T09:36:42","modified_gmt":"2025-03-31T12:36:42","slug":"kit-de-linha","status":"publish","type":"product","link":"https:\/\/www.avmbianco.com.br\/site\/produto\/kit-de-linha\/","title":{"rendered":"Kit de Linha Drima"},"content":{"rendered":"<div id=\"subtitle-content-4\" class=\"subtitle-content\">\n<p>Agulha Recomendada<\/p>\n<\/div>\n<div id=\"subtitle-content-6\" class=\"subtitle-content\">\n<p>Manual: n\u00bas 6, 7, 8 e 9<br \/>\nM\u00e1quina dom\u00e9stica: n\u00bas 11 e 14<\/p>\n<\/div>\n<h2 id=\"subtitle-1\" class=\"subtitle\"><\/h2>\n<div id=\"subtitle-content-1\" class=\"subtitle-content\"><\/div>\n<p>&nbsp;<\/p>\n","protected":false},"excerpt":{"rendered":"<p>Linha para costura Drima Sortimento<br \/>\nCont\u00e9m: Caixa com 10 tubos<br \/>\nComposi\u00e7\u00e3o: 100% Poli\u00e9ster<\/p>\n<p>Aplica\u00e7\u00e3o: Para costura de camisas, lingeries, malhas, blusas, agasalhos, em tecidos leves e m\u00e9dios, de composi\u00e7\u00e3o mista ou sint\u00e9tica. O poli\u00e9ster tem a vantagem de dar elasticidade ao ponto, sendo mais resistente.<br \/>\nSortimento com 10 tubos de 91,4m<\/p>\n<p>Fabricante: Coats Corrente<\/p>\n","protected":false},"featured_media":16723,"comment_status":"open","ping_status":"closed","template":"","meta":[],"product_brand":[],"product_cat":[53],"product_tag":[],"class_list":{"0":"post-5057","1":"product","2":"type-product","3":"status-publish","4":"has-post-thumbnail","6":"product_cat-linhas","8":"first","9":"instock","10":"taxable","11":"shipping-taxable","12":"purchasable","13":"product-type-simple"},"_links":{"self":[{"href":"https:\/\/www.avmbianco.com.br\/site\/wp-json\/wp\/v2\/product\/5057","targetHints":{"allow":["GET"]}}],"collection":[{"href":"https:\/\/www.avmbianco.com.br\/site\/wp-json\/wp\/v2\/product"}],"about":[{"href":"https:\/\/www.avmbianco.com.br\/site\/wp-json\/wp\/v2\/types\/product"}],"replies":[{"embeddable":true,"href":"https:\/\/www.avmbianco.com.br\/site\/wp-json\/wp\/v2\/comments?post=5057"}],"wp:featuredmedia":[{"embeddable":true,"href":"https:\/\/www.avmbianco.com.br\/site\/wp-json\/wp\/v2\/media\/16723"}],"wp:attachment":[{"href":"https:\/\/www.avmbianco.com.br\/site\/wp-json\/wp\/v2\/media?parent=5057"}],"wp:term":[{"taxonomy":"product_brand","embeddable":true,"href":"https:\/\/www.avmbianco.com.br\/site\/wp-json\/wp\/v2\/product_brand?post=5057"},{"taxonomy":"product_cat","embeddable":true,"href":"https:\/\/www.avmbianco.com.br\/site\/wp-json\/wp\/v2\/product_cat?post=5057"},{"taxonomy":"product_tag","embeddable":true,"href":"https:\/\/www.avmbianco.com.br\/site\/wp-json\/wp\/v2\/product_tag?post=5057"}],"curies":[{"name":"wp","href":"https:\/\/api.w.org\/{rel}","templated":true}]}}