{"id":5142,"date":"2017-04-07T14:27:00","date_gmt":"2017-04-07T17:27:00","guid":{"rendered":"http:\/\/www.avmbianco.com.br\/site\/?post_type=product&#038;p=5142"},"modified":"2025-04-01T15:58:54","modified_gmt":"2025-04-01T18:58:54","slug":"matriz-botao-bombe-para-aplicar-ilhos","status":"publish","type":"product","link":"https:\/\/www.avmbianco.com.br\/site\/produto\/matriz-botao-bombe-para-aplicar-ilhos\/","title":{"rendered":"Matriz Bot\u00e3o Bomb\u00ea Para Aplicar Ilh\u00f3s"},"content":{"rendered":"","protected":false},"excerpt":{"rendered":"<p>Matriz Bot\u00e3o Bomb\u00ea Para Aplicar Ilh\u00f3s<\/p>\n<p>N\u00ba 23 P\/14-18-22<\/p>\n<p>N\u00ba 80 P\/32<\/p>\n<p>&nbsp;<\/p>\n","protected":false},"featured_media":5136,"comment_status":"open","ping_status":"closed","template":"","meta":[],"product_brand":[],"product_cat":[25,24],"product_tag":[],"class_list":{"0":"post-5142","1":"product","2":"type-product","3":"status-publish","4":"has-post-thumbnail","6":"product_cat-bombe","7":"product_cat-botoes","9":"first","10":"instock","11":"taxable","12":"shipping-taxable","13":"purchasable","14":"product-type-variable"},"_links":{"self":[{"href":"https:\/\/www.avmbianco.com.br\/site\/wp-json\/wp\/v2\/product\/5142","targetHints":{"allow":["GET"]}}],"collection":[{"href":"https:\/\/www.avmbianco.com.br\/site\/wp-json\/wp\/v2\/product"}],"about":[{"href":"https:\/\/www.avmbianco.com.br\/site\/wp-json\/wp\/v2\/types\/product"}],"replies":[{"embeddable":true,"href":"https:\/\/www.avmbianco.com.br\/site\/wp-json\/wp\/v2\/comments?post=5142"}],"wp:featuredmedia":[{"embeddable":true,"href":"https:\/\/www.avmbianco.com.br\/site\/wp-json\/wp\/v2\/media\/5136"}],"wp:attachment":[{"href":"https:\/\/www.avmbianco.com.br\/site\/wp-json\/wp\/v2\/media?parent=5142"}],"wp:term":[{"taxonomy":"product_brand","embeddable":true,"href":"https:\/\/www.avmbianco.com.br\/site\/wp-json\/wp\/v2\/product_brand?post=5142"},{"taxonomy":"product_cat","embeddable":true,"href":"https:\/\/www.avmbianco.com.br\/site\/wp-json\/wp\/v2\/product_cat?post=5142"},{"taxonomy":"product_tag","embeddable":true,"href":"https:\/\/www.avmbianco.com.br\/site\/wp-json\/wp\/v2\/product_tag?post=5142"}],"curies":[{"name":"wp","href":"https:\/\/api.w.org\/{rel}","templated":true}]}}