{"id":5146,"date":"2017-04-07T14:33:00","date_gmt":"2017-04-07T17:33:00","guid":{"rendered":"http:\/\/www.avmbianco.com.br\/site\/?post_type=product&#038;p=5146"},"modified":"2025-07-07T10:47:42","modified_gmt":"2025-07-07T13:47:42","slug":"matriz-botao-bombe-fixacao-de-bone","status":"publish","type":"product","link":"https:\/\/www.avmbianco.com.br\/site\/produto\/matriz-botao-bombe-fixacao-de-bone\/","title":{"rendered":"Matriz Bot\u00e3o Bomb\u00ea Fixa\u00e7\u00e3o de Bon\u00e9"},"content":{"rendered":"<p>Matriz bon\u00e9 para fixa\u00e7\u00e3o de rebite.<\/p>\n","protected":false},"excerpt":{"rendered":"<p>Matriz bon\u00e9 para fixa\u00e7\u00e3o de rebite.<\/p>\n","protected":false},"featured_media":5134,"comment_status":"open","ping_status":"closed","template":"","meta":[],"product_brand":[],"product_cat":[25,24],"product_tag":[],"class_list":{"0":"post-5146","1":"product","2":"type-product","3":"status-publish","4":"has-post-thumbnail","6":"product_cat-bombe","7":"product_cat-botoes","8":"pa_largura-16-mm","10":"first","11":"instock","12":"taxable","13":"shipping-taxable","14":"purchasable","15":"product-type-variable"},"_links":{"self":[{"href":"https:\/\/www.avmbianco.com.br\/site\/wp-json\/wp\/v2\/product\/5146","targetHints":{"allow":["GET"]}}],"collection":[{"href":"https:\/\/www.avmbianco.com.br\/site\/wp-json\/wp\/v2\/product"}],"about":[{"href":"https:\/\/www.avmbianco.com.br\/site\/wp-json\/wp\/v2\/types\/product"}],"replies":[{"embeddable":true,"href":"https:\/\/www.avmbianco.com.br\/site\/wp-json\/wp\/v2\/comments?post=5146"}],"wp:featuredmedia":[{"embeddable":true,"href":"https:\/\/www.avmbianco.com.br\/site\/wp-json\/wp\/v2\/media\/5134"}],"wp:attachment":[{"href":"https:\/\/www.avmbianco.com.br\/site\/wp-json\/wp\/v2\/media?parent=5146"}],"wp:term":[{"taxonomy":"product_brand","embeddable":true,"href":"https:\/\/www.avmbianco.com.br\/site\/wp-json\/wp\/v2\/product_brand?post=5146"},{"taxonomy":"product_cat","embeddable":true,"href":"https:\/\/www.avmbianco.com.br\/site\/wp-json\/wp\/v2\/product_cat?post=5146"},{"taxonomy":"product_tag","embeddable":true,"href":"https:\/\/www.avmbianco.com.br\/site\/wp-json\/wp\/v2\/product_tag?post=5146"}],"curies":[{"name":"wp","href":"https:\/\/api.w.org\/{rel}","templated":true}]}}