{"id":5149,"date":"2017-04-07T17:39:55","date_gmt":"2017-04-07T20:39:55","guid":{"rendered":"http:\/\/www.avmbianco.com.br\/site\/?post_type=product&#038;p=5149"},"modified":"2023-04-06T11:11:57","modified_gmt":"2023-04-06T14:11:57","slug":"ombreira-raglan","status":"publish","type":"product","link":"https:\/\/www.avmbianco.com.br\/site\/produto\/ombreira-raglan\/","title":{"rendered":"Ombreira Raglan"},"content":{"rendered":"","protected":false},"excerpt":{"rendered":"<p>De volta aos anos oitenta as ombreiras est\u00e3o na moda. Quando se colocam ombreiras para roupa como por exemplo em vestidos, jaquetas ou casacos e blusas servem para real\u00e7ar os ombros. O que se destaca nas roupas com ombreiras s\u00e3o os detalhes. Como por exemplo o volume e o caimento. Na famosa manga bal\u00e3o, manga princesa ou ainda na manga raglan \u00e9 f\u00e1cil reparar que todas eles t\u00eam um aspecto final distinto. Estes procedimentos j\u00e1 est\u00e3o mecanizados nos profissionais desta arte. Para quem est\u00e1 a dar os primeiros passos \u00e9 fundamental assimilar estes processos.<\/p>\n","protected":false},"featured_media":5139,"comment_status":"open","ping_status":"closed","template":"","meta":[],"product_brand":[],"product_cat":[470],"product_tag":[],"class_list":{"0":"post-5149","1":"product","2":"type-product","3":"status-publish","4":"has-post-thumbnail","6":"product_cat-ombreira","8":"first","9":"outofstock","10":"taxable","11":"shipping-taxable","12":"purchasable","13":"product-type-variable"},"_links":{"self":[{"href":"https:\/\/www.avmbianco.com.br\/site\/wp-json\/wp\/v2\/product\/5149","targetHints":{"allow":["GET"]}}],"collection":[{"href":"https:\/\/www.avmbianco.com.br\/site\/wp-json\/wp\/v2\/product"}],"about":[{"href":"https:\/\/www.avmbianco.com.br\/site\/wp-json\/wp\/v2\/types\/product"}],"replies":[{"embeddable":true,"href":"https:\/\/www.avmbianco.com.br\/site\/wp-json\/wp\/v2\/comments?post=5149"}],"wp:featuredmedia":[{"embeddable":true,"href":"https:\/\/www.avmbianco.com.br\/site\/wp-json\/wp\/v2\/media\/5139"}],"wp:attachment":[{"href":"https:\/\/www.avmbianco.com.br\/site\/wp-json\/wp\/v2\/media?parent=5149"}],"wp:term":[{"taxonomy":"product_brand","embeddable":true,"href":"https:\/\/www.avmbianco.com.br\/site\/wp-json\/wp\/v2\/product_brand?post=5149"},{"taxonomy":"product_cat","embeddable":true,"href":"https:\/\/www.avmbianco.com.br\/site\/wp-json\/wp\/v2\/product_cat?post=5149"},{"taxonomy":"product_tag","embeddable":true,"href":"https:\/\/www.avmbianco.com.br\/site\/wp-json\/wp\/v2\/product_tag?post=5149"}],"curies":[{"name":"wp","href":"https:\/\/api.w.org\/{rel}","templated":true}]}}