{"id":5848,"date":"2017-04-24T17:12:10","date_gmt":"2017-04-24T20:12:10","guid":{"rendered":"http:\/\/www.avmbianco.com.br\/site\/?post_type=product&#038;p=5848"},"modified":"2025-04-02T15:44:50","modified_gmt":"2025-04-02T18:44:50","slug":"colarinhotiras-plasticas","status":"publish","type":"product","link":"https:\/\/www.avmbianco.com.br\/site\/produto\/colarinhotiras-plasticas\/","title":{"rendered":"Colarinho\/Tiras Plasticas"},"content":{"rendered":"<p>Colarinho plastico 3,5cm x 50cm x 0,25mm<\/p>\n<p>100% plastico laminado transparente.<\/p>\n","protected":false},"excerpt":{"rendered":"<p>Colarinho de Pl\u00e1stico, utilizado na embalagem da camisa para manter o colarinho alinhado, melhorando a apresenta\u00e7\u00e3o e exposi\u00e7\u00e3o da camisa dentro da caixa.<br \/>\nMuito utilizado em Lavanderias Dom\u00e9sticas, Lavanderias Industriais, Hotelaria, Ateli\u00eas de Costura, Figurino, Lojas e Confec\u00e7\u00f5es<\/p>\n<p>Com 1000p\u00e7<\/p>\n<p>Pl\u00e1stico Laminado<\/p>\n","protected":false},"featured_media":17005,"comment_status":"open","ping_status":"closed","template":"","meta":[],"product_brand":[],"product_cat":[26,570],"product_tag":[],"class_list":{"0":"post-5848","1":"product","2":"type-product","3":"status-publish","4":"has-post-thumbnail","6":"product_cat-camisaria","7":"product_cat-colarinho","9":"first","10":"instock","11":"taxable","12":"shipping-taxable","13":"purchasable","14":"product-type-variable"},"_links":{"self":[{"href":"https:\/\/www.avmbianco.com.br\/site\/wp-json\/wp\/v2\/product\/5848","targetHints":{"allow":["GET"]}}],"collection":[{"href":"https:\/\/www.avmbianco.com.br\/site\/wp-json\/wp\/v2\/product"}],"about":[{"href":"https:\/\/www.avmbianco.com.br\/site\/wp-json\/wp\/v2\/types\/product"}],"replies":[{"embeddable":true,"href":"https:\/\/www.avmbianco.com.br\/site\/wp-json\/wp\/v2\/comments?post=5848"}],"wp:featuredmedia":[{"embeddable":true,"href":"https:\/\/www.avmbianco.com.br\/site\/wp-json\/wp\/v2\/media\/17005"}],"wp:attachment":[{"href":"https:\/\/www.avmbianco.com.br\/site\/wp-json\/wp\/v2\/media?parent=5848"}],"wp:term":[{"taxonomy":"product_brand","embeddable":true,"href":"https:\/\/www.avmbianco.com.br\/site\/wp-json\/wp\/v2\/product_brand?post=5848"},{"taxonomy":"product_cat","embeddable":true,"href":"https:\/\/www.avmbianco.com.br\/site\/wp-json\/wp\/v2\/product_cat?post=5848"},{"taxonomy":"product_tag","embeddable":true,"href":"https:\/\/www.avmbianco.com.br\/site\/wp-json\/wp\/v2\/product_tag?post=5848"}],"curies":[{"name":"wp","href":"https:\/\/api.w.org\/{rel}","templated":true}]}}