{"id":5866,"date":"2017-04-25T10:30:10","date_gmt":"2017-04-25T13:30:10","guid":{"rendered":"http:\/\/www.avmbianco.com.br\/site\/?post_type=product&#038;p=5866"},"modified":"2025-04-02T15:30:26","modified_gmt":"2025-04-02T18:30:26","slug":"barbatana-plaheta","status":"publish","type":"product","link":"https:\/\/www.avmbianco.com.br\/site\/produto\/barbatana-plaheta\/","title":{"rendered":"Barbatana Palheta P\/ Colarinho"},"content":{"rendered":"<p>Mantenha sua camisa impec\u00e1vel o dia todo com a Barbatana para Gola de Colarinho da Mdm!<br \/>\nN\u00e3o deixe sua camisa perder o charme e a eleg\u00e2ncia! A Barbatana para Gola de Colarinho foi desenvolvida especialmente para manter o colarinho das suas camisas sociais sempre alinhado e com um visual profissional, sem preocupa\u00e7\u00f5es. Feita de pl\u00e1stico dur\u00e1vel e flex\u00edvel, ela \u00e9 discreta, f\u00e1cil de usar e mant\u00e9m o acabamento perfeito por horas, mesmo nos dias mais agitados.<\/p>\n","protected":false},"excerpt":{"rendered":"<p>Barbatana palheta para colarinho 9&#215;6.5cm<\/p>\n<p>Composi\u00e7\u00e3o: Poliestireno ou Poli\u00e9ster<\/p>\n<p>Cores: Branco ou Leitoso<\/p>\n<p>&nbsp;<\/p>\n","protected":false},"featured_media":5820,"comment_status":"open","ping_status":"closed","template":"","meta":[],"product_brand":[],"product_cat":[38,26],"product_tag":[],"class_list":{"0":"post-5866","1":"product","2":"type-product","3":"status-publish","4":"has-post-thumbnail","6":"product_cat-barbatanas","7":"product_cat-camisaria","9":"first","10":"instock","11":"taxable","12":"shipping-taxable","13":"purchasable","14":"product-type-variable"},"_links":{"self":[{"href":"https:\/\/www.avmbianco.com.br\/site\/wp-json\/wp\/v2\/product\/5866","targetHints":{"allow":["GET"]}}],"collection":[{"href":"https:\/\/www.avmbianco.com.br\/site\/wp-json\/wp\/v2\/product"}],"about":[{"href":"https:\/\/www.avmbianco.com.br\/site\/wp-json\/wp\/v2\/types\/product"}],"replies":[{"embeddable":true,"href":"https:\/\/www.avmbianco.com.br\/site\/wp-json\/wp\/v2\/comments?post=5866"}],"wp:featuredmedia":[{"embeddable":true,"href":"https:\/\/www.avmbianco.com.br\/site\/wp-json\/wp\/v2\/media\/5820"}],"wp:attachment":[{"href":"https:\/\/www.avmbianco.com.br\/site\/wp-json\/wp\/v2\/media?parent=5866"}],"wp:term":[{"taxonomy":"product_brand","embeddable":true,"href":"https:\/\/www.avmbianco.com.br\/site\/wp-json\/wp\/v2\/product_brand?post=5866"},{"taxonomy":"product_cat","embeddable":true,"href":"https:\/\/www.avmbianco.com.br\/site\/wp-json\/wp\/v2\/product_cat?post=5866"},{"taxonomy":"product_tag","embeddable":true,"href":"https:\/\/www.avmbianco.com.br\/site\/wp-json\/wp\/v2\/product_tag?post=5866"}],"curies":[{"name":"wp","href":"https:\/\/api.w.org\/{rel}","templated":true}]}}