{"id":5898,"date":"2017-04-25T12:51:25","date_gmt":"2017-04-25T15:51:25","guid":{"rendered":"http:\/\/www.avmbianco.com.br\/site\/?post_type=product&#038;p=5898"},"modified":"2025-04-07T15:59:47","modified_gmt":"2025-04-07T18:59:47","slug":"ziper-nylon-fino","status":"publish","type":"product","link":"https:\/\/www.avmbianco.com.br\/site\/produto\/ziper-nylon-fino\/","title":{"rendered":"Z\u00edper Nylon Fino Fixo"},"content":{"rendered":"<p>Composi\u00e7\u00e3o do cadar\u00e7o: 100% Poli\u00e9ster<br \/>\nComposi\u00e7\u00e3o dos dentes: Nylon<br \/>\nEspessura dos dentes: 3 mm<\/p>\n","protected":false},"excerpt":{"rendered":"<p>Z\u00edper nylon fino fixo.<\/p>\n<h2><strong>**Consulte Cores e Tamanhos Dispon\u00edveis**<\/strong><\/h2>\n","protected":false},"featured_media":5894,"comment_status":"open","ping_status":"closed","template":"","meta":[],"product_brand":[],"product_cat":[580,577],"product_tag":[],"class_list":{"0":"post-5898","1":"product","2":"type-product","3":"status-publish","4":"has-post-thumbnail","6":"product_cat-nylon","7":"product_cat-ziper","9":"first","10":"instock","11":"taxable","12":"shipping-taxable","13":"purchasable","14":"product-type-variable"},"_links":{"self":[{"href":"https:\/\/www.avmbianco.com.br\/site\/wp-json\/wp\/v2\/product\/5898","targetHints":{"allow":["GET"]}}],"collection":[{"href":"https:\/\/www.avmbianco.com.br\/site\/wp-json\/wp\/v2\/product"}],"about":[{"href":"https:\/\/www.avmbianco.com.br\/site\/wp-json\/wp\/v2\/types\/product"}],"replies":[{"embeddable":true,"href":"https:\/\/www.avmbianco.com.br\/site\/wp-json\/wp\/v2\/comments?post=5898"}],"wp:featuredmedia":[{"embeddable":true,"href":"https:\/\/www.avmbianco.com.br\/site\/wp-json\/wp\/v2\/media\/5894"}],"wp:attachment":[{"href":"https:\/\/www.avmbianco.com.br\/site\/wp-json\/wp\/v2\/media?parent=5898"}],"wp:term":[{"taxonomy":"product_brand","embeddable":true,"href":"https:\/\/www.avmbianco.com.br\/site\/wp-json\/wp\/v2\/product_brand?post=5898"},{"taxonomy":"product_cat","embeddable":true,"href":"https:\/\/www.avmbianco.com.br\/site\/wp-json\/wp\/v2\/product_cat?post=5898"},{"taxonomy":"product_tag","embeddable":true,"href":"https:\/\/www.avmbianco.com.br\/site\/wp-json\/wp\/v2\/product_tag?post=5898"}],"curies":[{"name":"wp","href":"https:\/\/api.w.org\/{rel}","templated":true}]}}