{"id":5962,"date":"2017-04-25T15:41:12","date_gmt":"2017-04-25T18:41:12","guid":{"rendered":"http:\/\/www.avmbianco.com.br\/site\/?post_type=product&#038;p=5962"},"modified":"2025-04-03T12:03:00","modified_gmt":"2025-04-03T15:03:00","slug":"ziper-nylon-destacavel","status":"publish","type":"product","link":"https:\/\/www.avmbianco.com.br\/site\/produto\/ziper-nylon-destacavel\/","title":{"rendered":"Z\u00edper Nylon Comum Destac\u00e1vel"},"content":{"rendered":"","protected":false},"excerpt":{"rendered":"<p>Z\u00edper nylon destac\u00e1vel,varias cores.<\/p>\n<h2><strong>**Consulte Cores e Tamanhos Dispon\u00edveis**<\/strong><\/h2>\n","protected":false},"featured_media":9374,"comment_status":"open","ping_status":"closed","template":"","meta":[],"product_brand":[],"product_cat":[580,577],"product_tag":[],"class_list":{"0":"post-5962","1":"product","2":"type-product","3":"status-publish","4":"has-post-thumbnail","6":"product_cat-nylon","7":"product_cat-ziper","9":"first","10":"instock","11":"taxable","12":"shipping-taxable","13":"purchasable","14":"product-type-variable"},"_links":{"self":[{"href":"https:\/\/www.avmbianco.com.br\/site\/wp-json\/wp\/v2\/product\/5962","targetHints":{"allow":["GET"]}}],"collection":[{"href":"https:\/\/www.avmbianco.com.br\/site\/wp-json\/wp\/v2\/product"}],"about":[{"href":"https:\/\/www.avmbianco.com.br\/site\/wp-json\/wp\/v2\/types\/product"}],"replies":[{"embeddable":true,"href":"https:\/\/www.avmbianco.com.br\/site\/wp-json\/wp\/v2\/comments?post=5962"}],"wp:featuredmedia":[{"embeddable":true,"href":"https:\/\/www.avmbianco.com.br\/site\/wp-json\/wp\/v2\/media\/9374"}],"wp:attachment":[{"href":"https:\/\/www.avmbianco.com.br\/site\/wp-json\/wp\/v2\/media?parent=5962"}],"wp:term":[{"taxonomy":"product_brand","embeddable":true,"href":"https:\/\/www.avmbianco.com.br\/site\/wp-json\/wp\/v2\/product_brand?post=5962"},{"taxonomy":"product_cat","embeddable":true,"href":"https:\/\/www.avmbianco.com.br\/site\/wp-json\/wp\/v2\/product_cat?post=5962"},{"taxonomy":"product_tag","embeddable":true,"href":"https:\/\/www.avmbianco.com.br\/site\/wp-json\/wp\/v2\/product_tag?post=5962"}],"curies":[{"name":"wp","href":"https:\/\/api.w.org\/{rel}","templated":true}]}}