{"id":6009,"date":"2017-05-08T15:13:12","date_gmt":"2017-05-08T18:13:12","guid":{"rendered":"http:\/\/www.avmbianco.com.br\/site\/?post_type=product&#038;p=6009"},"modified":"2022-09-05T11:07:10","modified_gmt":"2022-09-05T14:07:10","slug":"suporte-para-fixacao","status":"publish","type":"product","link":"https:\/\/www.avmbianco.com.br\/site\/produto\/suporte-para-fixacao\/","title":{"rendered":"Maquina Suporte para Fixa\u00e7\u00e3o"},"content":{"rendered":"<p>Suporte para fixa\u00e7\u00e3o de bot\u00e3o forrado colorido.<\/p>\n","protected":false},"excerpt":{"rendered":"<div class=\"descResumida\">\n<h3>Fixador de bancada para m\u00e1quina prensa Balancim 100. Sua fun\u00e7\u00e3o \u00e9 fixar o Balancim 100 em qualquer mesa ou bancada, sem precisar furar o tampo.<\/p>\n<p>OBS.: acompanham 2 parafusos, para acoplar o fixador ao Balancim.<\/h3>\n<\/div>\n<div class=\"titulodescricao\">Caracter\u00edsticas do Produto<\/div>\n<p>Marca: Cardenas<\/p>\n<p>Refer\u00eancia: fixador Balancim 100<\/p>\n<p>Unidade de venda: cx c\/ 1 un<\/p>\n","protected":false},"featured_media":6005,"comment_status":"open","ping_status":"closed","template":"","meta":[],"product_brand":[],"product_cat":[50,593],"product_tag":[],"class_list":{"0":"post-6009","1":"product","2":"type-product","3":"status-publish","4":"has-post-thumbnail","6":"product_cat-maquinas","7":"product_cat-suporte","9":"first","10":"outofstock","11":"taxable","12":"shipping-taxable","13":"purchasable","14":"product-type-simple"},"_links":{"self":[{"href":"https:\/\/www.avmbianco.com.br\/site\/wp-json\/wp\/v2\/product\/6009","targetHints":{"allow":["GET"]}}],"collection":[{"href":"https:\/\/www.avmbianco.com.br\/site\/wp-json\/wp\/v2\/product"}],"about":[{"href":"https:\/\/www.avmbianco.com.br\/site\/wp-json\/wp\/v2\/types\/product"}],"replies":[{"embeddable":true,"href":"https:\/\/www.avmbianco.com.br\/site\/wp-json\/wp\/v2\/comments?post=6009"}],"wp:featuredmedia":[{"embeddable":true,"href":"https:\/\/www.avmbianco.com.br\/site\/wp-json\/wp\/v2\/media\/6005"}],"wp:attachment":[{"href":"https:\/\/www.avmbianco.com.br\/site\/wp-json\/wp\/v2\/media?parent=6009"}],"wp:term":[{"taxonomy":"product_brand","embeddable":true,"href":"https:\/\/www.avmbianco.com.br\/site\/wp-json\/wp\/v2\/product_brand?post=6009"},{"taxonomy":"product_cat","embeddable":true,"href":"https:\/\/www.avmbianco.com.br\/site\/wp-json\/wp\/v2\/product_cat?post=6009"},{"taxonomy":"product_tag","embeddable":true,"href":"https:\/\/www.avmbianco.com.br\/site\/wp-json\/wp\/v2\/product_tag?post=6009"}],"curies":[{"name":"wp","href":"https:\/\/api.w.org\/{rel}","templated":true}]}}